{"id":1456,"date":"2025-06-16T11:00:42","date_gmt":"2025-06-16T09:00:42","guid":{"rendered":"https:\/\/precintalia.logoband.es\/?page_id=1456"},"modified":"2025-11-27T11:52:58","modified_gmt":"2025-11-27T10:52:58","slug":"string-600-sealing-wire","status":"publish","type":"page","link":"http:\/\/precintalia.logoband.es\/en\/string-600-sealing-wire\/","title":{"rendered":"Alambre de acero inoxidable STRING 600"},"content":{"rendered":"<div data-elementor-type=\"wp-page\" data-elementor-id=\"1456\" class=\"elementor elementor-1456\" data-elementor-post-type=\"page\">\n\t\t\t\t<div class=\"elementor-element elementor-element-2264c69 e-con-full e-flex e-con e-parent\" data-id=\"2264c69\" data-element_type=\"container\">\n\t\t<div class=\"elementor-element elementor-element-c0a42f7 e-con-full e-flex e-con e-child\" data-id=\"c0a42f7\" data-element_type=\"container\">\n\t\t\t\t<div class=\"elementor-element elementor-element-ffb43b4 elementor-widget elementor-widget-image\" data-id=\"ffb43b4\" data-element_type=\"widget\" data-widget_type=\"image.default\">\n\t\t\t\t<div class=\"elementor-widget-container\">\n\t\t\t\t\t\t\t\t\t\t\t\t\t\t\t\t<a href=\"http:\/\/precintalia.logoband.es\/wp-content\/uploads\/2025\/06\/STRING600_1.webp\" data-elementor-open-lightbox=\"yes\" data-elementor-lightbox-title=\"STRING600_1\" data-e-action-hash=\"#elementor-action%3Aaction%3Dlightbox%26settings%3DeyJpZCI6MTQ1NywidXJsIjoiaHR0cDpcL1wvcHJlY2ludGFsaWEubG9nb2JhbmQuZXNcL3dwLWNvbnRlbnRcL3VwbG9hZHNcLzIwMjVcLzA2XC9TVFJJTkc2MDBfMS53ZWJwIn0%3D\">\n\t\t\t\t\t\t\t<img fetchpriority=\"high\" decoding=\"async\" width=\"884\" height=\"591\" src=\"http:\/\/precintalia.logoband.es\/wp-content\/uploads\/2025\/06\/STRING600_1.webp\" class=\"attachment-full size-full wp-image-1457\" alt=\"Alambre de acero inoxidable STRING 600\" srcset=\"http:\/\/precintalia.logoband.es\/wp-content\/uploads\/2025\/06\/STRING600_1.webp 884w, http:\/\/precintalia.logoband.es\/wp-content\/uploads\/2025\/06\/STRING600_1-300x201.webp 300w, http:\/\/precintalia.logoband.es\/wp-content\/uploads\/2025\/06\/STRING600_1-768x513.webp 768w\" sizes=\"(max-width: 884px) 100vw, 884px\" \/>\t\t\t\t\t\t\t\t<\/a>\n\t\t\t\t\t\t\t\t\t\t\t\t\t\t\t<\/div>\n\t\t\t\t<\/div>\n\t\t\t\t<\/div>\n\t\t<div class=\"elementor-element elementor-element-b44bb0a e-con-full e-flex e-con e-child\" data-id=\"b44bb0a\" data-element_type=\"container\">\n\t\t\t\t<div class=\"elementor-element elementor-element-6107d8a elementor-widget elementor-widget-heading\" data-id=\"6107d8a\" data-element_type=\"widget\" data-widget_type=\"heading.default\">\n\t\t\t\t<div class=\"elementor-widget-container\">\n\t\t\t\t\t<h1 class=\"elementor-heading-title elementor-size-default\">Alambre de acero inoxidable STRING 600<\/h1>\t\t\t\t<\/div>\n\t\t\t\t<\/div>\n\t\t\t\t<div class=\"elementor-element elementor-element-ec87a07 elementor-widget elementor-widget-text-editor\" data-id=\"ec87a07\" data-element_type=\"widget\" data-widget_type=\"text-editor.default\">\n\t\t\t\t<div class=\"elementor-widget-container\">\n\t\t\t\t\t\t\t\t\t<p>Alambre de acero inoxidable recubierto de PVC, lo que evita la estratificaci\u00f3n al cortarlo. El di\u00e1metro del cord\u00f3n de sellado es de 0,6 mm y est\u00e1 disponible en rollos de 45 metros. Compatible con nuestro sello de ala SIBO-ROTO.<\/p>\t\t\t\t\t\t\t\t<\/div>\n\t\t\t\t<\/div>\n\t\t<div class=\"elementor-element elementor-element-01ec774 e-grid e-con-full e-con e-child\" data-id=\"01ec774\" data-element_type=\"container\">\n\t\t\t\t<div class=\"elementor-element elementor-element-3f74d89 elementor-widget elementor-widget-button\" data-id=\"3f74d89\" data-element_type=\"widget\" data-widget_type=\"button.default\">\n\t\t\t\t<div class=\"elementor-widget-container\">\n\t\t\t\t\t\t\t\t\t<div class=\"elementor-button-wrapper\">\n\t\t\t\t\t<a class=\"elementor-button elementor-size-sm elementor-animation-grow\" role=\"button\">\n\t\t\t\t\t\t<span class=\"elementor-button-content-wrapper\">\n\t\t\t\t\t\t\t\t\t<span class=\"elementor-button-text\">Delivery time<br>7-14 d\u00edas<\/span>\n\t\t\t\t\t<\/span>\n\t\t\t\t\t<\/a>\n\t\t\t\t<\/div>\n\t\t\t\t\t\t\t\t<\/div>\n\t\t\t\t<\/div>\n\t\t\t\t<div class=\"elementor-element elementor-element-0c7ef83 elementor-widget elementor-widget-button\" data-id=\"0c7ef83\" data-element_type=\"widget\" data-widget_type=\"button.default\">\n\t\t\t\t<div class=\"elementor-widget-container\">\n\t\t\t\t\t\t\t\t\t<div class=\"elementor-button-wrapper\">\n\t\t\t\t\t<a class=\"elementor-button elementor-size-sm elementor-animation-grow\" role=\"button\">\n\t\t\t\t\t\t<span class=\"elementor-button-content-wrapper\">\n\t\t\t\t\t\t\t\t\t<span class=\"elementor-button-text\">Minimum order<br>500 uds<\/span>\n\t\t\t\t\t<\/span>\n\t\t\t\t\t<\/a>\n\t\t\t\t<\/div>\n\t\t\t\t\t\t\t\t<\/div>\n\t\t\t\t<\/div>\n\t\t\t\t<\/div>\n\t\t\t\t<div class=\"elementor-element elementor-element-fe9a610 elementor-align-left elementor-mobile-align-center elementor-widget elementor-widget-button\" data-id=\"fe9a610\" data-element_type=\"widget\" data-widget_type=\"button.default\">\n\t\t\t\t<div class=\"elementor-widget-container\">\n\t\t\t\t\t\t\t\t\t<div class=\"elementor-button-wrapper\">\n\t\t\t\t\t<a class=\"elementor-button elementor-button-link elementor-size-sm elementor-animation-grow\" href=\"\/en\/contacto\/\">\n\t\t\t\t\t\t<span class=\"elementor-button-content-wrapper\">\n\t\t\t\t\t\t\t\t\t<span class=\"elementor-button-text\">Ask about the product<\/span>\n\t\t\t\t\t<\/span>\n\t\t\t\t\t<\/a>\n\t\t\t\t<\/div>\n\t\t\t\t\t\t\t\t<\/div>\n\t\t\t\t<\/div>\n\t\t\t\t<\/div>\n\t\t\t\t<\/div>\n\t\t<div class=\"elementor-element elementor-element-3db57e0 e-flex e-con-boxed e-con e-parent\" data-id=\"3db57e0\" data-element_type=\"container\">\n\t\t\t\t\t<div class=\"e-con-inner\">\n\t\t\t\t<div class=\"elementor-element elementor-element-cbe5f7f elementor-widget elementor-widget-n-accordion\" data-id=\"cbe5f7f\" data-element_type=\"widget\" data-settings=\"{&quot;default_state&quot;:&quot;all_collapsed&quot;,&quot;max_items_expended&quot;:&quot;multiple&quot;,&quot;n_accordion_animation_duration&quot;:{&quot;unit&quot;:&quot;ms&quot;,&quot;size&quot;:400,&quot;sizes&quot;:[]}}\" data-widget_type=\"nested-accordion.default\">\n\t\t\t\t<div class=\"elementor-widget-container\">\n\t\t\t\t\t\t\t<div class=\"e-n-accordion\" aria-label=\"Accordion. Open links with Enter or Space, close with Escape, and navigate with Arrow Keys\">\n\t\t\t\t\t\t<details id=\"e-n-accordion-item-2130\" class=\"e-n-accordion-item\" >\n\t\t\t\t<summary class=\"e-n-accordion-item-title\" data-accordion-index=\"1\" tabindex=\"0\" aria-expanded=\"false\" aria-controls=\"e-n-accordion-item-2130\" >\n\t\t\t\t\t<span class='e-n-accordion-item-title-header'><div class=\"e-n-accordion-item-title-text\"> Caracter\u00edsticas <\/div><\/span>\n\t\t\t\t\t\t\t<span class='e-n-accordion-item-title-icon'>\n\t\t\t<span class='e-opened' ><svg aria-hidden=\"true\" class=\"e-font-icon-svg e-fas-minus\" viewbox=\"0 0 448 512\" xmlns=\"http:\/\/www.w3.org\/2000\/svg\"><path d=\"M416 208H32c-17.67 0-32 14.33-32 32v32c0 17.67 14.33 32 32 32h384c17.67 0 32-14.33 32-32v-32c0-17.67-14.33-32-32-32z\"><\/path><\/svg><\/span>\n\t\t\t<span class='e-closed'><svg aria-hidden=\"true\" class=\"e-font-icon-svg e-fas-plus\" viewbox=\"0 0 448 512\" xmlns=\"http:\/\/www.w3.org\/2000\/svg\"><path d=\"M416 208H272V64c0-17.67-14.33-32-32-32h-32c-17.67 0-32 14.33-32 32v144H32c-17.67 0-32 14.33-32 32v32c0 17.67 14.33 32 32 32h144v144c0 17.67 14.33 32 32 32h32c17.67 0 32-14.33 32-32V304h144c17.67 0 32-14.33 32-32v-32c0-17.67-14.33-32-32-32z\"><\/path><\/svg><\/span>\n\t\t<\/span>\n\n\t\t\t\t\t\t<\/summary>\n\t\t\t\t<div role=\"region\" aria-labelledby=\"e-n-accordion-item-2130\" class=\"elementor-element elementor-element-5f0a152 e-con-full e-flex e-con e-child\" data-id=\"5f0a152\" data-element_type=\"container\">\n\t\t\t\t<div class=\"elementor-element elementor-element-eb4c932 elementor-widget elementor-widget-text-editor\" data-id=\"eb4c932\" data-element_type=\"widget\" data-widget_type=\"text-editor.default\">\n\t\t\t\t<div class=\"elementor-widget-container\">\n\t\t\t\t\t\t\t\t\t<ul><li><span>Alambre de acero inoxidable recubierto de PVC, por lo que no se estratifica.<\/span><\/li><li><span>Di\u00e1metro 0,6 mm<\/span><\/li><li><span>Disponible en rollos de 25 metros.<\/span><\/li><li><span>Fuerza de rotura de 100 N<\/span><\/li><\/ul>\t\t\t\t\t\t\t\t<\/div>\n\t\t\t\t<\/div>\n\t\t\t\t<\/div>\n\t\t\t\t\t<\/details>\n\t\t\t\t\t\t<details id=\"e-n-accordion-item-2131\" class=\"e-n-accordion-item\" >\n\t\t\t\t<summary class=\"e-n-accordion-item-title\" data-accordion-index=\"2\" tabindex=\"-1\" aria-expanded=\"false\" aria-controls=\"e-n-accordion-item-2131\" >\n\t\t\t\t\t<span class='e-n-accordion-item-title-header'><div class=\"e-n-accordion-item-title-text\"> Uso <\/div><\/span>\n\t\t\t\t\t\t\t<span class='e-n-accordion-item-title-icon'>\n\t\t\t<span class='e-opened' ><svg aria-hidden=\"true\" class=\"e-font-icon-svg e-fas-minus\" viewbox=\"0 0 448 512\" xmlns=\"http:\/\/www.w3.org\/2000\/svg\"><path d=\"M416 208H32c-17.67 0-32 14.33-32 32v32c0 17.67 14.33 32 32 32h384c17.67 0 32-14.33 32-32v-32c0-17.67-14.33-32-32-32z\"><\/path><\/svg><\/span>\n\t\t\t<span class='e-closed'><svg aria-hidden=\"true\" class=\"e-font-icon-svg e-fas-plus\" viewbox=\"0 0 448 512\" xmlns=\"http:\/\/www.w3.org\/2000\/svg\"><path d=\"M416 208H272V64c0-17.67-14.33-32-32-32h-32c-17.67 0-32 14.33-32 32v144H32c-17.67 0-32 14.33-32 32v32c0 17.67 14.33 32 32 32h144v144c0 17.67 14.33 32 32 32h32c17.67 0 32-14.33 32-32V304h144c17.67 0 32-14.33 32-32v-32c0-17.67-14.33-32-32-32z\"><\/path><\/svg><\/span>\n\t\t<\/span>\n\n\t\t\t\t\t\t<\/summary>\n\t\t\t\t<div role=\"region\" aria-labelledby=\"e-n-accordion-item-2131\" class=\"elementor-element elementor-element-3a5b1e1 e-con-full e-flex e-con e-child\" data-id=\"3a5b1e1\" data-element_type=\"container\">\n\t\t\t\t<div class=\"elementor-element elementor-element-b8c0796 elementor-widget elementor-widget-text-editor\" data-id=\"b8c0796\" data-element_type=\"widget\" data-widget_type=\"text-editor.default\">\n\t\t\t\t<div class=\"elementor-widget-container\">\n\t\t\t\t\t\t\t\t\t<ul><li><span><span>Aseguramiento de dispositivos de medici\u00f3n, almacenes, veh\u00edculos<\/span><\/span><\/li><li><span><span>Dise\u00f1ado para su uso con juntas de ala, p. ej. SIBO-ROTO<\/span><\/span><\/li><\/ul>\t\t\t\t\t\t\t\t<\/div>\n\t\t\t\t<\/div>\n\t\t\t\t<div class=\"elementor-element elementor-element-9cbd311 elementor-widget elementor-widget-image\" data-id=\"9cbd311\" data-element_type=\"widget\" data-widget_type=\"image.default\">\n\t\t\t\t<div class=\"elementor-widget-container\">\n\t\t\t\t\t\t\t\t\t\t\t\t\t\t\t\t<a href=\"http:\/\/precintalia.logoband.es\/wp-content\/uploads\/2025\/06\/06_03-400x534-1.webp\" data-elementor-open-lightbox=\"yes\" data-elementor-lightbox-title=\"06_03-400x534-1\" data-e-action-hash=\"#elementor-action%3Aaction%3Dlightbox%26settings%3DeyJpZCI6MTQ0NywidXJsIjoiaHR0cDpcL1wvcHJlY2ludGFsaWEubG9nb2JhbmQuZXNcL3dwLWNvbnRlbnRcL3VwbG9hZHNcLzIwMjVcLzA2XC8wNl8wMy00MDB4NTM0LTEud2VicCJ9\">\n\t\t\t\t\t\t\t<img decoding=\"async\" width=\"400\" height=\"534\" data-src=\"http:\/\/precintalia.logoband.es\/wp-content\/uploads\/2025\/06\/06_03-400x534-1.webp\" class=\"attachment-large size-large wp-image-1447 lazyload\" alt=\"\" data-srcset=\"http:\/\/precintalia.logoband.es\/wp-content\/uploads\/2025\/06\/06_03-400x534-1.webp 400w, http:\/\/precintalia.logoband.es\/wp-content\/uploads\/2025\/06\/06_03-400x534-1-225x300.webp 225w\" data-sizes=\"(max-width: 400px) 100vw, 400px\" src=\"data:image\/svg+xml;base64,PHN2ZyB3aWR0aD0iMSIgaGVpZ2h0PSIxIiB4bWxucz0iaHR0cDovL3d3dy53My5vcmcvMjAwMC9zdmciPjwvc3ZnPg==\" style=\"--smush-placeholder-width: 400px; --smush-placeholder-aspect-ratio: 400\/534;\" \/>\t\t\t\t\t\t\t\t<\/a>\n\t\t\t\t\t\t\t\t\t\t\t\t\t\t\t<\/div>\n\t\t\t\t<\/div>\n\t\t\t\t<\/div>\n\t\t\t\t\t<\/details>\n\t\t\t\t\t<\/div>\n\t\t\t\t\t\t<\/div>\n\t\t\t\t<\/div>\n\t\t\t\t\t<\/div>\n\t\t\t\t<\/div>\n\t\t\t\t<\/div>","protected":false},"excerpt":{"rendered":"<p>Alambre de acero inoxidable STRING 600 Alambre de acero inoxidable recubierto de PVC, lo que evita la estratificaci\u00f3n al cortarlo. El di\u00e1metro del cord\u00f3n de sellado es de 0,6 mm y est\u00e1 disponible en rollos de 45 metros. Compatible con nuestro sello de ala SIBO-ROTO. Tiempo de entrega7-14 d\u00edas Pedido m\u00ednimo500 uds Preguntar por el [&hellip;]<\/p>","protected":false},"author":1,"featured_media":1457,"parent":0,"menu_order":0,"comment_status":"closed","ping_status":"closed","template":"elementor_header_footer","meta":{"footnotes":""},"class_list":["post-1456","page","type-page","status-publish","has-post-thumbnail","hentry"],"yoast_head":"<!-- This site is optimized with the Yoast SEO plugin v26.4 - https:\/\/yoast.com\/wordpress\/plugins\/seo\/ -->\n<title>Sello de medidor de seguridad SIBO-ROTO WHITE - Precintalia<\/title>\n<meta name=\"description\" content=\"Alambre de acero inoxidable STRING 600 para precintos de seguridad. Alta resistencia y durabilidad para medidores y cierres t\u00e9cnicos.\" \/>\n<meta name=\"robots\" content=\"index, follow, max-snippet:-1, max-image-preview:large, max-video-preview:-1\" \/>\n<link rel=\"canonical\" href=\"http:\/\/precintalia.logoband.es\/en\/string-600-sealing-wire\/\" \/>\n<meta property=\"og:locale\" content=\"en_GB\" \/>\n<meta property=\"og:type\" content=\"article\" \/>\n<meta property=\"og:title\" content=\"Sello de medidor de seguridad SIBO-ROTO WHITE - Precintalia\" \/>\n<meta property=\"og:description\" content=\"Alambre de acero inoxidable STRING 600 para precintos de seguridad. Alta resistencia y durabilidad para medidores y cierres t\u00e9cnicos.\" \/>\n<meta property=\"og:url\" content=\"http:\/\/precintalia.logoband.es\/en\/string-600-sealing-wire\/\" \/>\n<meta property=\"og:site_name\" content=\"Precintalia\" \/>\n<meta property=\"article:modified_time\" content=\"2025-11-27T10:52:58+00:00\" \/>\n<meta property=\"og:image\" content=\"http:\/\/precintalia.logoband.es\/wp-content\/uploads\/2025\/06\/STRING600_1.webp\" \/>\n\t<meta property=\"og:image:width\" content=\"884\" \/>\n\t<meta property=\"og:image:height\" content=\"591\" \/>\n\t<meta property=\"og:image:type\" content=\"image\/webp\" \/>\n<meta name=\"twitter:card\" content=\"summary_large_image\" \/>\n<script type=\"application\/ld+json\" class=\"yoast-schema-graph\">{\"@context\":\"https:\/\/schema.org\",\"@graph\":[{\"@type\":\"WebPage\",\"@id\":\"http:\/\/precintalia.logoband.es\/string-600-sealing-wire\/\",\"url\":\"http:\/\/precintalia.logoband.es\/string-600-sealing-wire\/\",\"name\":\"Sello de medidor de seguridad SIBO-ROTO WHITE - Precintalia\",\"isPartOf\":{\"@id\":\"http:\/\/precintalia.logoband.es\/#website\"},\"primaryImageOfPage\":{\"@id\":\"http:\/\/precintalia.logoband.es\/string-600-sealing-wire\/#primaryimage\"},\"image\":{\"@id\":\"http:\/\/precintalia.logoband.es\/string-600-sealing-wire\/#primaryimage\"},\"thumbnailUrl\":\"http:\/\/precintalia.logoband.es\/wp-content\/uploads\/2025\/06\/STRING600_1.webp\",\"datePublished\":\"2025-06-16T09:00:42+00:00\",\"dateModified\":\"2025-11-27T10:52:58+00:00\",\"description\":\"Alambre de acero inoxidable STRING 600 para precintos de seguridad. Alta resistencia y durabilidad para medidores y cierres t\u00e9cnicos.\",\"breadcrumb\":{\"@id\":\"http:\/\/precintalia.logoband.es\/string-600-sealing-wire\/#breadcrumb\"},\"inLanguage\":\"en-GB\",\"potentialAction\":[{\"@type\":\"ReadAction\",\"target\":[\"http:\/\/precintalia.logoband.es\/string-600-sealing-wire\/\"]}]},{\"@type\":\"ImageObject\",\"inLanguage\":\"en-GB\",\"@id\":\"http:\/\/precintalia.logoband.es\/string-600-sealing-wire\/#primaryimage\",\"url\":\"http:\/\/precintalia.logoband.es\/wp-content\/uploads\/2025\/06\/STRING600_1.webp\",\"contentUrl\":\"http:\/\/precintalia.logoband.es\/wp-content\/uploads\/2025\/06\/STRING600_1.webp\",\"width\":884,\"height\":591,\"caption\":\"Alambre de acero inoxidable STRING 600\"},{\"@type\":\"BreadcrumbList\",\"@id\":\"http:\/\/precintalia.logoband.es\/string-600-sealing-wire\/#breadcrumb\",\"itemListElement\":[{\"@type\":\"ListItem\",\"position\":1,\"name\":\"Portada\",\"item\":\"http:\/\/precintalia.logoband.es\/\"},{\"@type\":\"ListItem\",\"position\":2,\"name\":\"Alambre de acero inoxidable STRING 600\"}]},{\"@type\":\"WebSite\",\"@id\":\"http:\/\/precintalia.logoband.es\/#website\",\"url\":\"http:\/\/precintalia.logoband.es\/\",\"name\":\"Logoband Espa\u00f1a\",\"description\":\"Precintos de seguridad\",\"publisher\":{\"@id\":\"http:\/\/precintalia.logoband.es\/#organization\"},\"potentialAction\":[{\"@type\":\"SearchAction\",\"target\":{\"@type\":\"EntryPoint\",\"urlTemplate\":\"http:\/\/precintalia.logoband.es\/?s={search_term_string}\"},\"query-input\":{\"@type\":\"PropertyValueSpecification\",\"valueRequired\":true,\"valueName\":\"search_term_string\"}}],\"inLanguage\":\"en-GB\"},{\"@type\":\"Organization\",\"@id\":\"http:\/\/precintalia.logoband.es\/#organization\",\"name\":\"Logoband Espa\u00f1a\",\"url\":\"http:\/\/precintalia.logoband.es\/\",\"logo\":{\"@type\":\"ImageObject\",\"inLanguage\":\"en-GB\",\"@id\":\"http:\/\/precintalia.logoband.es\/#\/schema\/logo\/image\/\",\"url\":\"http:\/\/precintalia.logoband.es\/wp-content\/uploads\/2025\/03\/Logotipo-PNG.png\",\"contentUrl\":\"http:\/\/precintalia.logoband.es\/wp-content\/uploads\/2025\/03\/Logotipo-PNG.png\",\"width\":500,\"height\":104,\"caption\":\"Logoband Espa\u00f1a\"},\"image\":{\"@id\":\"http:\/\/precintalia.logoband.es\/#\/schema\/logo\/image\/\"}}]}<\/script>\n<!-- \/ Yoast SEO plugin. -->","yoast_head_json":{"title":"Sello de medidor de seguridad SIBO-ROTO WHITE - Precintalia","description":"Alambre de acero inoxidable STRING 600 para precintos de seguridad. Alta resistencia y durabilidad para medidores y cierres t\u00e9cnicos.","robots":{"index":"index","follow":"follow","max-snippet":"max-snippet:-1","max-image-preview":"max-image-preview:large","max-video-preview":"max-video-preview:-1"},"canonical":"http:\/\/precintalia.logoband.es\/en\/string-600-sealing-wire\/","og_locale":"en_GB","og_type":"article","og_title":"Sello de medidor de seguridad SIBO-ROTO WHITE - Precintalia","og_description":"Alambre de acero inoxidable STRING 600 para precintos de seguridad. Alta resistencia y durabilidad para medidores y cierres t\u00e9cnicos.","og_url":"http:\/\/precintalia.logoband.es\/en\/string-600-sealing-wire\/","og_site_name":"Precintalia","article_modified_time":"2025-11-27T10:52:58+00:00","og_image":[{"width":884,"height":591,"url":"http:\/\/precintalia.logoband.es\/wp-content\/uploads\/2025\/06\/STRING600_1.webp","type":"image\/webp"}],"twitter_card":"summary_large_image","schema":{"@context":"https:\/\/schema.org","@graph":[{"@type":"WebPage","@id":"http:\/\/precintalia.logoband.es\/string-600-sealing-wire\/","url":"http:\/\/precintalia.logoband.es\/string-600-sealing-wire\/","name":"Sello de medidor de seguridad SIBO-ROTO WHITE - Precintalia","isPartOf":{"@id":"http:\/\/precintalia.logoband.es\/#website"},"primaryImageOfPage":{"@id":"http:\/\/precintalia.logoband.es\/string-600-sealing-wire\/#primaryimage"},"image":{"@id":"http:\/\/precintalia.logoband.es\/string-600-sealing-wire\/#primaryimage"},"thumbnailUrl":"http:\/\/precintalia.logoband.es\/wp-content\/uploads\/2025\/06\/STRING600_1.webp","datePublished":"2025-06-16T09:00:42+00:00","dateModified":"2025-11-27T10:52:58+00:00","description":"Alambre de acero inoxidable STRING 600 para precintos de seguridad. Alta resistencia y durabilidad para medidores y cierres t\u00e9cnicos.","breadcrumb":{"@id":"http:\/\/precintalia.logoband.es\/string-600-sealing-wire\/#breadcrumb"},"inLanguage":"en-GB","potentialAction":[{"@type":"ReadAction","target":["http:\/\/precintalia.logoband.es\/string-600-sealing-wire\/"]}]},{"@type":"ImageObject","inLanguage":"en-GB","@id":"http:\/\/precintalia.logoband.es\/string-600-sealing-wire\/#primaryimage","url":"http:\/\/precintalia.logoband.es\/wp-content\/uploads\/2025\/06\/STRING600_1.webp","contentUrl":"http:\/\/precintalia.logoband.es\/wp-content\/uploads\/2025\/06\/STRING600_1.webp","width":884,"height":591,"caption":"Alambre de acero inoxidable STRING 600"},{"@type":"BreadcrumbList","@id":"http:\/\/precintalia.logoband.es\/string-600-sealing-wire\/#breadcrumb","itemListElement":[{"@type":"ListItem","position":1,"name":"Portada","item":"http:\/\/precintalia.logoband.es\/"},{"@type":"ListItem","position":2,"name":"Alambre de acero inoxidable STRING 600"}]},{"@type":"WebSite","@id":"http:\/\/precintalia.logoband.es\/#website","url":"http:\/\/precintalia.logoband.es\/","name":"Logoband Espa\u00f1a","description":"Security seals","publisher":{"@id":"http:\/\/precintalia.logoband.es\/#organization"},"potentialAction":[{"@type":"SearchAction","target":{"@type":"EntryPoint","urlTemplate":"http:\/\/precintalia.logoband.es\/?s={search_term_string}"},"query-input":{"@type":"PropertyValueSpecification","valueRequired":true,"valueName":"search_term_string"}}],"inLanguage":"en-GB"},{"@type":"Organization","@id":"http:\/\/precintalia.logoband.es\/#organization","name":"Logoband Espa\u00f1a","url":"http:\/\/precintalia.logoband.es\/","logo":{"@type":"ImageObject","inLanguage":"en-GB","@id":"http:\/\/precintalia.logoband.es\/#\/schema\/logo\/image\/","url":"http:\/\/precintalia.logoband.es\/wp-content\/uploads\/2025\/03\/Logotipo-PNG.png","contentUrl":"http:\/\/precintalia.logoband.es\/wp-content\/uploads\/2025\/03\/Logotipo-PNG.png","width":500,"height":104,"caption":"Logoband Espa\u00f1a"},"image":{"@id":"http:\/\/precintalia.logoband.es\/#\/schema\/logo\/image\/"}}]}},"_links":{"self":[{"href":"http:\/\/precintalia.logoband.es\/en\/wp-json\/wp\/v2\/pages\/1456","targetHints":{"allow":["GET"]}}],"collection":[{"href":"http:\/\/precintalia.logoband.es\/en\/wp-json\/wp\/v2\/pages"}],"about":[{"href":"http:\/\/precintalia.logoband.es\/en\/wp-json\/wp\/v2\/types\/page"}],"author":[{"embeddable":true,"href":"http:\/\/precintalia.logoband.es\/en\/wp-json\/wp\/v2\/users\/1"}],"replies":[{"embeddable":true,"href":"http:\/\/precintalia.logoband.es\/en\/wp-json\/wp\/v2\/comments?post=1456"}],"version-history":[{"count":25,"href":"http:\/\/precintalia.logoband.es\/en\/wp-json\/wp\/v2\/pages\/1456\/revisions"}],"predecessor-version":[{"id":3735,"href":"http:\/\/precintalia.logoband.es\/en\/wp-json\/wp\/v2\/pages\/1456\/revisions\/3735"}],"wp:featuredmedia":[{"embeddable":true,"href":"http:\/\/precintalia.logoband.es\/en\/wp-json\/wp\/v2\/media\/1457"}],"wp:attachment":[{"href":"http:\/\/precintalia.logoband.es\/en\/wp-json\/wp\/v2\/media?parent=1456"}],"curies":[{"name":"wp","href":"https:\/\/api.w.org\/{rel}","templated":true}]}}