{"id":1478,"date":"2025-06-16T11:16:35","date_gmt":"2025-06-16T09:16:35","guid":{"rendered":"https:\/\/precintalia.logoband.es\/?page_id=1478"},"modified":"2025-11-27T11:41:27","modified_gmt":"2025-11-27T10:41:27","slug":"sibo-bag-hunter","status":"publish","type":"page","link":"http:\/\/precintalia.logoband.es\/en\/sibo-bag-hunter\/","title":{"rendered":"Precintos veterinarios \u00a0SIBO-BAG HUNTER"},"content":{"rendered":"<div data-elementor-type=\"wp-page\" data-elementor-id=\"1478\" class=\"elementor elementor-1478\" data-elementor-post-type=\"page\">\n\t\t\t\t<div class=\"elementor-element elementor-element-2264c69 e-con-full e-flex e-con e-parent\" data-id=\"2264c69\" data-element_type=\"container\">\n\t\t<div class=\"elementor-element elementor-element-c0a42f7 e-con-full e-flex e-con e-child\" data-id=\"c0a42f7\" data-element_type=\"container\">\n\t\t\t\t<div class=\"elementor-element elementor-element-ffb43b4 elementor-widget elementor-widget-image\" data-id=\"ffb43b4\" data-element_type=\"widget\" data-widget_type=\"image.default\">\n\t\t\t\t<div class=\"elementor-widget-container\">\n\t\t\t\t\t\t\t\t\t\t\t\t\t\t\t\t<a href=\"http:\/\/precintalia.logoband.es\/wp-content\/uploads\/2025\/06\/11_03-1.webp\" data-elementor-open-lightbox=\"yes\" data-elementor-lightbox-title=\"11_03-1\" data-e-action-hash=\"#elementor-action%3Aaction%3Dlightbox%26settings%3DeyJpZCI6MTQ3MCwidXJsIjoiaHR0cDpcL1wvcHJlY2ludGFsaWEubG9nb2JhbmQuZXNcL3dwLWNvbnRlbnRcL3VwbG9hZHNcLzIwMjVcLzA2XC8xMV8wMy0xLndlYnAifQ%3D%3D\">\n\t\t\t\t\t\t\t<img fetchpriority=\"high\" decoding=\"async\" width=\"1000\" height=\"516\" src=\"http:\/\/precintalia.logoband.es\/wp-content\/uploads\/2025\/06\/11_03-1.webp\" class=\"attachment-full size-full wp-image-1470\" alt=\"Precintos veterinarios sibo bag hunter caracter\u00edsticas\" srcset=\"http:\/\/precintalia.logoband.es\/wp-content\/uploads\/2025\/06\/11_03-1.webp 1000w, http:\/\/precintalia.logoband.es\/wp-content\/uploads\/2025\/06\/11_03-1-300x155.webp 300w, http:\/\/precintalia.logoband.es\/wp-content\/uploads\/2025\/06\/11_03-1-768x396.webp 768w\" sizes=\"(max-width: 1000px) 100vw, 1000px\" \/>\t\t\t\t\t\t\t\t<\/a>\n\t\t\t\t\t\t\t\t\t\t\t\t\t\t\t<\/div>\n\t\t\t\t<\/div>\n\t\t\t\t<\/div>\n\t\t<div class=\"elementor-element elementor-element-b44bb0a e-con-full e-flex e-con e-child\" data-id=\"b44bb0a\" data-element_type=\"container\">\n\t\t\t\t<div class=\"elementor-element elementor-element-6107d8a elementor-widget elementor-widget-heading\" data-id=\"6107d8a\" data-element_type=\"widget\" data-widget_type=\"heading.default\">\n\t\t\t\t<div class=\"elementor-widget-container\">\n\t\t\t\t\t<h1 class=\"elementor-heading-title elementor-size-default\">Precintos veterinarios\nSibo-Bag Hunter<\/h1>\t\t\t\t<\/div>\n\t\t\t\t<\/div>\n\t\t\t\t<div class=\"elementor-element elementor-element-ec87a07 elementor-widget elementor-widget-text-editor\" data-id=\"ec87a07\" data-element_type=\"widget\" data-widget_type=\"text-editor.default\">\n\t\t\t\t<div class=\"elementor-widget-container\">\n\t\t\t\t\t\t\t\t\t<p>Precinto de tira SIBO-BAG HUNTER para el marcado de canales de caza (con pinchos de fijaci\u00f3n) destinado a la venta directa.<\/p>\t\t\t\t\t\t\t\t<\/div>\n\t\t\t\t<\/div>\n\t\t<div class=\"elementor-element elementor-element-01ec774 e-grid e-con-full e-con e-child\" data-id=\"01ec774\" data-element_type=\"container\">\n\t\t\t\t<div class=\"elementor-element elementor-element-3f74d89 elementor-widget elementor-widget-button\" data-id=\"3f74d89\" data-element_type=\"widget\" data-widget_type=\"button.default\">\n\t\t\t\t<div class=\"elementor-widget-container\">\n\t\t\t\t\t\t\t\t\t<div class=\"elementor-button-wrapper\">\n\t\t\t\t\t<a class=\"elementor-button elementor-size-sm elementor-animation-grow\" role=\"button\">\n\t\t\t\t\t\t<span class=\"elementor-button-content-wrapper\">\n\t\t\t\t\t\t\t\t\t<span class=\"elementor-button-text\">Delivery time<br>7-14 d\u00edas<\/span>\n\t\t\t\t\t<\/span>\n\t\t\t\t\t<\/a>\n\t\t\t\t<\/div>\n\t\t\t\t\t\t\t\t<\/div>\n\t\t\t\t<\/div>\n\t\t\t\t<div class=\"elementor-element elementor-element-0c7ef83 elementor-widget elementor-widget-button\" data-id=\"0c7ef83\" data-element_type=\"widget\" data-widget_type=\"button.default\">\n\t\t\t\t<div class=\"elementor-widget-container\">\n\t\t\t\t\t\t\t\t\t<div class=\"elementor-button-wrapper\">\n\t\t\t\t\t<a class=\"elementor-button elementor-size-sm elementor-animation-grow\" role=\"button\">\n\t\t\t\t\t\t<span class=\"elementor-button-content-wrapper\">\n\t\t\t\t\t\t\t\t\t<span class=\"elementor-button-text\">Minimum order<br>500 uds<\/span>\n\t\t\t\t\t<\/span>\n\t\t\t\t\t<\/a>\n\t\t\t\t<\/div>\n\t\t\t\t\t\t\t\t<\/div>\n\t\t\t\t<\/div>\n\t\t\t\t<\/div>\n\t\t\t\t<div class=\"elementor-element elementor-element-fe9a610 elementor-align-left elementor-mobile-align-center elementor-widget elementor-widget-button\" data-id=\"fe9a610\" data-element_type=\"widget\" data-widget_type=\"button.default\">\n\t\t\t\t<div class=\"elementor-widget-container\">\n\t\t\t\t\t\t\t\t\t<div class=\"elementor-button-wrapper\">\n\t\t\t\t\t<a class=\"elementor-button elementor-button-link elementor-size-sm elementor-animation-grow\" href=\"\/en\/contacto\/\">\n\t\t\t\t\t\t<span class=\"elementor-button-content-wrapper\">\n\t\t\t\t\t\t\t\t\t<span class=\"elementor-button-text\">Ask about the product<\/span>\n\t\t\t\t\t<\/span>\n\t\t\t\t\t<\/a>\n\t\t\t\t<\/div>\n\t\t\t\t\t\t\t\t<\/div>\n\t\t\t\t<\/div>\n\t\t\t\t<\/div>\n\t\t\t\t<\/div>\n\t\t<div class=\"elementor-element elementor-element-3db57e0 e-flex e-con-boxed e-con e-parent\" data-id=\"3db57e0\" data-element_type=\"container\">\n\t\t\t\t\t<div class=\"e-con-inner\">\n\t\t\t\t<div class=\"elementor-element elementor-element-ec99ac5 elementor-widget elementor-widget-n-accordion\" data-id=\"ec99ac5\" data-element_type=\"widget\" data-settings=\"{&quot;default_state&quot;:&quot;all_collapsed&quot;,&quot;max_items_expended&quot;:&quot;multiple&quot;,&quot;n_accordion_animation_duration&quot;:{&quot;unit&quot;:&quot;ms&quot;,&quot;size&quot;:400,&quot;sizes&quot;:[]}}\" data-widget_type=\"nested-accordion.default\">\n\t\t\t\t<div class=\"elementor-widget-container\">\n\t\t\t\t\t\t\t<div class=\"e-n-accordion\" aria-label=\"Accordion. Open links with Enter or Space, close with Escape, and navigate with Arrow Keys\">\n\t\t\t\t\t\t<details id=\"e-n-accordion-item-2480\" class=\"e-n-accordion-item\" >\n\t\t\t\t<summary class=\"e-n-accordion-item-title\" data-accordion-index=\"1\" tabindex=\"0\" aria-expanded=\"false\" aria-controls=\"e-n-accordion-item-2480\" >\n\t\t\t\t\t<span class='e-n-accordion-item-title-header'><div class=\"e-n-accordion-item-title-text\"> Colores disponibles <\/div><\/span>\n\t\t\t\t\t\t\t<span class='e-n-accordion-item-title-icon'>\n\t\t\t<span class='e-opened' ><svg aria-hidden=\"true\" class=\"e-font-icon-svg e-fas-minus\" viewbox=\"0 0 448 512\" xmlns=\"http:\/\/www.w3.org\/2000\/svg\"><path d=\"M416 208H32c-17.67 0-32 14.33-32 32v32c0 17.67 14.33 32 32 32h384c17.67 0 32-14.33 32-32v-32c0-17.67-14.33-32-32-32z\"><\/path><\/svg><\/span>\n\t\t\t<span class='e-closed'><svg aria-hidden=\"true\" class=\"e-font-icon-svg e-fas-plus\" viewbox=\"0 0 448 512\" xmlns=\"http:\/\/www.w3.org\/2000\/svg\"><path d=\"M416 208H272V64c0-17.67-14.33-32-32-32h-32c-17.67 0-32 14.33-32 32v144H32c-17.67 0-32 14.33-32 32v32c0 17.67 14.33 32 32 32h144v144c0 17.67 14.33 32 32 32h32c17.67 0 32-14.33 32-32V304h144c17.67 0 32-14.33 32-32v-32c0-17.67-14.33-32-32-32z\"><\/path><\/svg><\/span>\n\t\t<\/span>\n\n\t\t\t\t\t\t<\/summary>\n\t\t\t\t<div role=\"region\" aria-labelledby=\"e-n-accordion-item-2480\" class=\"elementor-element elementor-element-c2a60b5 e-con-full e-flex e-con e-child\" data-id=\"c2a60b5\" data-element_type=\"container\">\n\t\t\t\t<div class=\"elementor-element elementor-element-e911b94 elementor-widget elementor-widget-button\" data-id=\"e911b94\" data-element_type=\"widget\" data-widget_type=\"button.default\">\n\t\t\t\t<div class=\"elementor-widget-container\">\n\t\t\t\t\t\t\t\t\t<div class=\"elementor-button-wrapper\">\n\t\t\t\t\t<a class=\"elementor-button elementor-size-sm elementor-animation-grow\" role=\"button\">\n\t\t\t\t\t\t<span class=\"elementor-button-content-wrapper\">\n\t\t\t\t\t\t\t\t\t<span class=\"elementor-button-text\">Verde<\/span>\n\t\t\t\t\t<\/span>\n\t\t\t\t\t<\/a>\n\t\t\t\t<\/div>\n\t\t\t\t\t\t\t\t<\/div>\n\t\t\t\t<\/div>\n\t\t\t\t<div class=\"elementor-element elementor-element-253d829 elementor-widget elementor-widget-button\" data-id=\"253d829\" data-element_type=\"widget\" data-widget_type=\"button.default\">\n\t\t\t\t<div class=\"elementor-widget-container\">\n\t\t\t\t\t\t\t\t\t<div class=\"elementor-button-wrapper\">\n\t\t\t\t\t<a class=\"elementor-button elementor-size-sm elementor-animation-grow\" role=\"button\">\n\t\t\t\t\t\t<span class=\"elementor-button-content-wrapper\">\n\t\t\t\t\t\t\t\t\t<span class=\"elementor-button-text\">Azul<\/span>\n\t\t\t\t\t<\/span>\n\t\t\t\t\t<\/a>\n\t\t\t\t<\/div>\n\t\t\t\t\t\t\t\t<\/div>\n\t\t\t\t<\/div>\n\t\t\t\t<div class=\"elementor-element elementor-element-a926e5b elementor-widget elementor-widget-button\" data-id=\"a926e5b\" data-element_type=\"widget\" data-widget_type=\"button.default\">\n\t\t\t\t<div class=\"elementor-widget-container\">\n\t\t\t\t\t\t\t\t\t<div class=\"elementor-button-wrapper\">\n\t\t\t\t\t<a class=\"elementor-button elementor-size-sm elementor-animation-grow\" role=\"button\">\n\t\t\t\t\t\t<span class=\"elementor-button-content-wrapper\">\n\t\t\t\t\t\t\t\t\t<span class=\"elementor-button-text\">Rojo<\/span>\n\t\t\t\t\t<\/span>\n\t\t\t\t\t<\/a>\n\t\t\t\t<\/div>\n\t\t\t\t\t\t\t\t<\/div>\n\t\t\t\t<\/div>\n\t\t\t\t<div class=\"elementor-element elementor-element-5ba9dc9 elementor-widget elementor-widget-button\" data-id=\"5ba9dc9\" data-element_type=\"widget\" data-widget_type=\"button.default\">\n\t\t\t\t<div class=\"elementor-widget-container\">\n\t\t\t\t\t\t\t\t\t<div class=\"elementor-button-wrapper\">\n\t\t\t\t\t<a class=\"elementor-button elementor-size-sm elementor-animation-grow\" role=\"button\">\n\t\t\t\t\t\t<span class=\"elementor-button-content-wrapper\">\n\t\t\t\t\t\t\t\t\t<span class=\"elementor-button-text\">Naranja<\/span>\n\t\t\t\t\t<\/span>\n\t\t\t\t\t<\/a>\n\t\t\t\t<\/div>\n\t\t\t\t\t\t\t\t<\/div>\n\t\t\t\t<\/div>\n\t\t\t\t<div class=\"elementor-element elementor-element-69810dc elementor-widget elementor-widget-button\" data-id=\"69810dc\" data-element_type=\"widget\" data-widget_type=\"button.default\">\n\t\t\t\t<div class=\"elementor-widget-container\">\n\t\t\t\t\t\t\t\t\t<div class=\"elementor-button-wrapper\">\n\t\t\t\t\t<a class=\"elementor-button elementor-size-sm elementor-animation-grow\" role=\"button\">\n\t\t\t\t\t\t<span class=\"elementor-button-content-wrapper\">\n\t\t\t\t\t\t\t\t\t<span class=\"elementor-button-text\">Amarillo<\/span>\n\t\t\t\t\t<\/span>\n\t\t\t\t\t<\/a>\n\t\t\t\t<\/div>\n\t\t\t\t\t\t\t\t<\/div>\n\t\t\t\t<\/div>\n\t\t\t\t<div class=\"elementor-element elementor-element-78c2355 elementor-widget elementor-widget-button\" data-id=\"78c2355\" data-element_type=\"widget\" data-widget_type=\"button.default\">\n\t\t\t\t<div class=\"elementor-widget-container\">\n\t\t\t\t\t\t\t\t\t<div class=\"elementor-button-wrapper\">\n\t\t\t\t\t<a class=\"elementor-button elementor-size-sm elementor-animation-grow\" role=\"button\">\n\t\t\t\t\t\t<span class=\"elementor-button-content-wrapper\">\n\t\t\t\t\t\t\t\t\t<span class=\"elementor-button-text\">Blanco<\/span>\n\t\t\t\t\t<\/span>\n\t\t\t\t\t<\/a>\n\t\t\t\t<\/div>\n\t\t\t\t\t\t\t\t<\/div>\n\t\t\t\t<\/div>\n\t\t\t\t<\/div>\n\t\t\t\t\t<\/details>\n\t\t\t\t\t\t<details id=\"e-n-accordion-item-2481\" class=\"e-n-accordion-item\" >\n\t\t\t\t<summary class=\"e-n-accordion-item-title\" data-accordion-index=\"2\" tabindex=\"-1\" aria-expanded=\"false\" aria-controls=\"e-n-accordion-item-2481\" >\n\t\t\t\t\t<span class='e-n-accordion-item-title-header'><div class=\"e-n-accordion-item-title-text\"> Reglas de uso <\/div><\/span>\n\t\t\t\t\t\t\t<span class='e-n-accordion-item-title-icon'>\n\t\t\t<span class='e-opened' ><svg aria-hidden=\"true\" class=\"e-font-icon-svg e-fas-minus\" viewbox=\"0 0 448 512\" xmlns=\"http:\/\/www.w3.org\/2000\/svg\"><path d=\"M416 208H32c-17.67 0-32 14.33-32 32v32c0 17.67 14.33 32 32 32h384c17.67 0 32-14.33 32-32v-32c0-17.67-14.33-32-32-32z\"><\/path><\/svg><\/span>\n\t\t\t<span class='e-closed'><svg aria-hidden=\"true\" class=\"e-font-icon-svg e-fas-plus\" viewbox=\"0 0 448 512\" xmlns=\"http:\/\/www.w3.org\/2000\/svg\"><path d=\"M416 208H272V64c0-17.67-14.33-32-32-32h-32c-17.67 0-32 14.33-32 32v144H32c-17.67 0-32 14.33-32 32v32c0 17.67 14.33 32 32 32h144v144c0 17.67 14.33 32 32 32h32c17.67 0 32-14.33 32-32V304h144c17.67 0 32-14.33 32-32v-32c0-17.67-14.33-32-32-32z\"><\/path><\/svg><\/span>\n\t\t<\/span>\n\n\t\t\t\t\t\t<\/summary>\n\t\t\t\t<div role=\"region\" aria-labelledby=\"e-n-accordion-item-2481\" class=\"elementor-element elementor-element-7f1283f e-con-full e-flex e-con e-child\" data-id=\"7f1283f\" data-element_type=\"container\">\n\t\t\t\t<div class=\"elementor-element elementor-element-928f6c0 elementor-widget elementor-widget-text-editor\" data-id=\"928f6c0\" data-element_type=\"widget\" data-widget_type=\"text-editor.default\">\n\t\t\t\t<div class=\"elementor-widget-container\">\n\t\t\t\t\t\t\t\t\t<p><span>Son ideales para el sector veterinario. Seg\u00fan el Reglamento del Ministro de Agricultura y Desarrollo Rural del 15 de septiembre de 2010, cualquier contenedor con productos animales exportado desde Polonia a otros pa\u00edses debe llevar un sello aplicado por el veterinario responsable. Los sellos SIBO cuentan con un certificado para el contacto con alimentos.<\/span><\/p>\t\t\t\t\t\t\t\t<\/div>\n\t\t\t\t<\/div>\n\t\t\t\t<div class=\"elementor-element elementor-element-357cd86 elementor-widget elementor-widget-image\" data-id=\"357cd86\" data-element_type=\"widget\" data-widget_type=\"image.default\">\n\t\t\t\t<div class=\"elementor-widget-container\">\n\t\t\t\t\t\t\t\t\t\t\t\t\t\t\t\t<a href=\"http:\/\/precintalia.logoband.es\/wp-content\/uploads\/2025\/06\/02_05-800x261-2.webp\" data-elementor-open-lightbox=\"yes\" data-elementor-lightbox-title=\"02_05-800x261-2\" data-e-action-hash=\"#elementor-action%3Aaction%3Dlightbox%26settings%3DeyJpZCI6MTQ2OSwidXJsIjoiaHR0cDpcL1wvcHJlY2ludGFsaWEubG9nb2JhbmQuZXNcL3dwLWNvbnRlbnRcL3VwbG9hZHNcLzIwMjVcLzA2XC8wMl8wNS04MDB4MjYxLTIud2VicCJ9\">\n\t\t\t\t\t\t\t<img decoding=\"async\" width=\"800\" height=\"261\" data-src=\"http:\/\/precintalia.logoband.es\/wp-content\/uploads\/2025\/06\/02_05-800x261-2.webp\" class=\"attachment-large size-large wp-image-1469 lazyload\" alt=\"\" data-srcset=\"http:\/\/precintalia.logoband.es\/wp-content\/uploads\/2025\/06\/02_05-800x261-2.webp 800w, http:\/\/precintalia.logoband.es\/wp-content\/uploads\/2025\/06\/02_05-800x261-2-300x98.webp 300w, http:\/\/precintalia.logoband.es\/wp-content\/uploads\/2025\/06\/02_05-800x261-2-768x251.webp 768w\" data-sizes=\"(max-width: 800px) 100vw, 800px\" src=\"data:image\/svg+xml;base64,PHN2ZyB3aWR0aD0iMSIgaGVpZ2h0PSIxIiB4bWxucz0iaHR0cDovL3d3dy53My5vcmcvMjAwMC9zdmciPjwvc3ZnPg==\" style=\"--smush-placeholder-width: 800px; --smush-placeholder-aspect-ratio: 800\/261;\" \/>\t\t\t\t\t\t\t\t<\/a>\n\t\t\t\t\t\t\t\t\t\t\t\t\t\t\t<\/div>\n\t\t\t\t<\/div>\n\t\t\t\t<\/div>\n\t\t\t\t\t<\/details>\n\t\t\t\t\t<\/div>\n\t\t\t\t\t\t<\/div>\n\t\t\t\t<\/div>\n\t\t\t\t\t<\/div>\n\t\t\t\t<\/div>\n\t\t\t\t<\/div>","protected":false},"excerpt":{"rendered":"<p>Precintos veterinarios Sibo-Bag Hunter Precinto de tira SIBO-BAG HUNTER para el marcado de canales de caza (con pinchos de fijaci\u00f3n) destinado a la venta directa. Tiempo de entrega7-14 d\u00edas Pedido m\u00ednimo500 uds Preguntar por el producto Colores disponibles Verde Azul Rojo Naranja Amarillo Blanco Reglas de uso Son ideales para el sector veterinario. Seg\u00fan el [&hellip;]<\/p>","protected":false},"author":1,"featured_media":1468,"parent":0,"menu_order":0,"comment_status":"closed","ping_status":"closed","template":"elementor_header_footer","meta":{"footnotes":""},"class_list":["post-1478","page","type-page","status-publish","has-post-thumbnail","hentry"],"yoast_head":"<!-- This site is optimized with the Yoast SEO plugin v26.4 - https:\/\/yoast.com\/wordpress\/plugins\/seo\/ -->\n<title>Sello de medidor de seguridad SIBO-ROTO WHITE - Precintalia<\/title>\n<meta name=\"description\" content=\"Precintos SIBO-BAG Hunter para uso veterinario. Identificaci\u00f3n segura y duradera en animales. Personalizaci\u00f3n y cierre inviolable.\" \/>\n<meta name=\"robots\" content=\"index, follow, max-snippet:-1, max-image-preview:large, max-video-preview:-1\" \/>\n<link rel=\"canonical\" href=\"http:\/\/precintalia.logoband.es\/en\/sibo-bag-hunter\/\" \/>\n<meta property=\"og:locale\" content=\"en_GB\" \/>\n<meta property=\"og:type\" content=\"article\" \/>\n<meta property=\"og:title\" content=\"Sello de medidor de seguridad SIBO-ROTO WHITE - Precintalia\" \/>\n<meta property=\"og:description\" content=\"Precintos SIBO-BAG Hunter para uso veterinario. Identificaci\u00f3n segura y duradera en animales. Personalizaci\u00f3n y cierre inviolable.\" \/>\n<meta property=\"og:url\" content=\"http:\/\/precintalia.logoband.es\/en\/sibo-bag-hunter\/\" \/>\n<meta property=\"og:site_name\" content=\"Precintalia\" \/>\n<meta property=\"article:modified_time\" content=\"2025-11-27T10:41:27+00:00\" \/>\n<meta property=\"og:image\" content=\"http:\/\/precintalia.logoband.es\/wp-content\/uploads\/2025\/06\/SIBO-BAG-HUNTER_popr2-400x296-1-320x240-1.webp\" \/>\n\t<meta property=\"og:image:width\" content=\"320\" \/>\n\t<meta property=\"og:image:height\" content=\"240\" \/>\n\t<meta property=\"og:image:type\" content=\"image\/webp\" \/>\n<meta name=\"twitter:card\" content=\"summary_large_image\" \/>\n<script type=\"application\/ld+json\" class=\"yoast-schema-graph\">{\"@context\":\"https:\/\/schema.org\",\"@graph\":[{\"@type\":\"WebPage\",\"@id\":\"http:\/\/precintalia.logoband.es\/sibo-bag-hunter\/\",\"url\":\"http:\/\/precintalia.logoband.es\/sibo-bag-hunter\/\",\"name\":\"Sello de medidor de seguridad SIBO-ROTO WHITE - Precintalia\",\"isPartOf\":{\"@id\":\"http:\/\/precintalia.logoband.es\/#website\"},\"primaryImageOfPage\":{\"@id\":\"http:\/\/precintalia.logoband.es\/sibo-bag-hunter\/#primaryimage\"},\"image\":{\"@id\":\"http:\/\/precintalia.logoband.es\/sibo-bag-hunter\/#primaryimage\"},\"thumbnailUrl\":\"http:\/\/precintalia.logoband.es\/wp-content\/uploads\/2025\/06\/SIBO-BAG-HUNTER_popr2-400x296-1-320x240-1.webp\",\"datePublished\":\"2025-06-16T09:16:35+00:00\",\"dateModified\":\"2025-11-27T10:41:27+00:00\",\"description\":\"Precintos SIBO-BAG Hunter para uso veterinario. Identificaci\u00f3n segura y duradera en animales. Personalizaci\u00f3n y cierre inviolable.\",\"breadcrumb\":{\"@id\":\"http:\/\/precintalia.logoband.es\/sibo-bag-hunter\/#breadcrumb\"},\"inLanguage\":\"en-GB\",\"potentialAction\":[{\"@type\":\"ReadAction\",\"target\":[\"http:\/\/precintalia.logoband.es\/sibo-bag-hunter\/\"]}]},{\"@type\":\"ImageObject\",\"inLanguage\":\"en-GB\",\"@id\":\"http:\/\/precintalia.logoband.es\/sibo-bag-hunter\/#primaryimage\",\"url\":\"http:\/\/precintalia.logoband.es\/wp-content\/uploads\/2025\/06\/SIBO-BAG-HUNTER_popr2-400x296-1-320x240-1.webp\",\"contentUrl\":\"http:\/\/precintalia.logoband.es\/wp-content\/uploads\/2025\/06\/SIBO-BAG-HUNTER_popr2-400x296-1-320x240-1.webp\",\"width\":320,\"height\":240,\"caption\":\"Precintos veterinarios sibo bag hunter\"},{\"@type\":\"BreadcrumbList\",\"@id\":\"http:\/\/precintalia.logoband.es\/sibo-bag-hunter\/#breadcrumb\",\"itemListElement\":[{\"@type\":\"ListItem\",\"position\":1,\"name\":\"Portada\",\"item\":\"http:\/\/precintalia.logoband.es\/\"},{\"@type\":\"ListItem\",\"position\":2,\"name\":\"Precintos veterinarios \u00a0SIBO-BAG HUNTER\"}]},{\"@type\":\"WebSite\",\"@id\":\"http:\/\/precintalia.logoband.es\/#website\",\"url\":\"http:\/\/precintalia.logoband.es\/\",\"name\":\"Logoband Espa\u00f1a\",\"description\":\"Precintos de seguridad\",\"publisher\":{\"@id\":\"http:\/\/precintalia.logoband.es\/#organization\"},\"potentialAction\":[{\"@type\":\"SearchAction\",\"target\":{\"@type\":\"EntryPoint\",\"urlTemplate\":\"http:\/\/precintalia.logoband.es\/?s={search_term_string}\"},\"query-input\":{\"@type\":\"PropertyValueSpecification\",\"valueRequired\":true,\"valueName\":\"search_term_string\"}}],\"inLanguage\":\"en-GB\"},{\"@type\":\"Organization\",\"@id\":\"http:\/\/precintalia.logoband.es\/#organization\",\"name\":\"Logoband Espa\u00f1a\",\"url\":\"http:\/\/precintalia.logoband.es\/\",\"logo\":{\"@type\":\"ImageObject\",\"inLanguage\":\"en-GB\",\"@id\":\"http:\/\/precintalia.logoband.es\/#\/schema\/logo\/image\/\",\"url\":\"http:\/\/precintalia.logoband.es\/wp-content\/uploads\/2025\/03\/Logotipo-PNG.png\",\"contentUrl\":\"http:\/\/precintalia.logoband.es\/wp-content\/uploads\/2025\/03\/Logotipo-PNG.png\",\"width\":500,\"height\":104,\"caption\":\"Logoband Espa\u00f1a\"},\"image\":{\"@id\":\"http:\/\/precintalia.logoband.es\/#\/schema\/logo\/image\/\"}}]}<\/script>\n<!-- \/ Yoast SEO plugin. -->","yoast_head_json":{"title":"Sello de medidor de seguridad SIBO-ROTO WHITE - Precintalia","description":"Precintos SIBO-BAG Hunter para uso veterinario. Identificaci\u00f3n segura y duradera en animales. Personalizaci\u00f3n y cierre inviolable.","robots":{"index":"index","follow":"follow","max-snippet":"max-snippet:-1","max-image-preview":"max-image-preview:large","max-video-preview":"max-video-preview:-1"},"canonical":"http:\/\/precintalia.logoband.es\/en\/sibo-bag-hunter\/","og_locale":"en_GB","og_type":"article","og_title":"Sello de medidor de seguridad SIBO-ROTO WHITE - Precintalia","og_description":"Precintos SIBO-BAG Hunter para uso veterinario. Identificaci\u00f3n segura y duradera en animales. Personalizaci\u00f3n y cierre inviolable.","og_url":"http:\/\/precintalia.logoband.es\/en\/sibo-bag-hunter\/","og_site_name":"Precintalia","article_modified_time":"2025-11-27T10:41:27+00:00","og_image":[{"width":320,"height":240,"url":"http:\/\/precintalia.logoband.es\/wp-content\/uploads\/2025\/06\/SIBO-BAG-HUNTER_popr2-400x296-1-320x240-1.webp","type":"image\/webp"}],"twitter_card":"summary_large_image","schema":{"@context":"https:\/\/schema.org","@graph":[{"@type":"WebPage","@id":"http:\/\/precintalia.logoband.es\/sibo-bag-hunter\/","url":"http:\/\/precintalia.logoband.es\/sibo-bag-hunter\/","name":"Sello de medidor de seguridad SIBO-ROTO WHITE - Precintalia","isPartOf":{"@id":"http:\/\/precintalia.logoband.es\/#website"},"primaryImageOfPage":{"@id":"http:\/\/precintalia.logoband.es\/sibo-bag-hunter\/#primaryimage"},"image":{"@id":"http:\/\/precintalia.logoband.es\/sibo-bag-hunter\/#primaryimage"},"thumbnailUrl":"http:\/\/precintalia.logoband.es\/wp-content\/uploads\/2025\/06\/SIBO-BAG-HUNTER_popr2-400x296-1-320x240-1.webp","datePublished":"2025-06-16T09:16:35+00:00","dateModified":"2025-11-27T10:41:27+00:00","description":"Precintos SIBO-BAG Hunter para uso veterinario. Identificaci\u00f3n segura y duradera en animales. Personalizaci\u00f3n y cierre inviolable.","breadcrumb":{"@id":"http:\/\/precintalia.logoband.es\/sibo-bag-hunter\/#breadcrumb"},"inLanguage":"en-GB","potentialAction":[{"@type":"ReadAction","target":["http:\/\/precintalia.logoband.es\/sibo-bag-hunter\/"]}]},{"@type":"ImageObject","inLanguage":"en-GB","@id":"http:\/\/precintalia.logoband.es\/sibo-bag-hunter\/#primaryimage","url":"http:\/\/precintalia.logoband.es\/wp-content\/uploads\/2025\/06\/SIBO-BAG-HUNTER_popr2-400x296-1-320x240-1.webp","contentUrl":"http:\/\/precintalia.logoband.es\/wp-content\/uploads\/2025\/06\/SIBO-BAG-HUNTER_popr2-400x296-1-320x240-1.webp","width":320,"height":240,"caption":"Precintos veterinarios sibo bag hunter"},{"@type":"BreadcrumbList","@id":"http:\/\/precintalia.logoband.es\/sibo-bag-hunter\/#breadcrumb","itemListElement":[{"@type":"ListItem","position":1,"name":"Portada","item":"http:\/\/precintalia.logoband.es\/"},{"@type":"ListItem","position":2,"name":"Precintos veterinarios \u00a0SIBO-BAG HUNTER"}]},{"@type":"WebSite","@id":"http:\/\/precintalia.logoband.es\/#website","url":"http:\/\/precintalia.logoband.es\/","name":"Logoband Espa\u00f1a","description":"Security seals","publisher":{"@id":"http:\/\/precintalia.logoband.es\/#organization"},"potentialAction":[{"@type":"SearchAction","target":{"@type":"EntryPoint","urlTemplate":"http:\/\/precintalia.logoband.es\/?s={search_term_string}"},"query-input":{"@type":"PropertyValueSpecification","valueRequired":true,"valueName":"search_term_string"}}],"inLanguage":"en-GB"},{"@type":"Organization","@id":"http:\/\/precintalia.logoband.es\/#organization","name":"Logoband Espa\u00f1a","url":"http:\/\/precintalia.logoband.es\/","logo":{"@type":"ImageObject","inLanguage":"en-GB","@id":"http:\/\/precintalia.logoband.es\/#\/schema\/logo\/image\/","url":"http:\/\/precintalia.logoband.es\/wp-content\/uploads\/2025\/03\/Logotipo-PNG.png","contentUrl":"http:\/\/precintalia.logoband.es\/wp-content\/uploads\/2025\/03\/Logotipo-PNG.png","width":500,"height":104,"caption":"Logoband Espa\u00f1a"},"image":{"@id":"http:\/\/precintalia.logoband.es\/#\/schema\/logo\/image\/"}}]}},"_links":{"self":[{"href":"http:\/\/precintalia.logoband.es\/en\/wp-json\/wp\/v2\/pages\/1478","targetHints":{"allow":["GET"]}}],"collection":[{"href":"http:\/\/precintalia.logoband.es\/en\/wp-json\/wp\/v2\/pages"}],"about":[{"href":"http:\/\/precintalia.logoband.es\/en\/wp-json\/wp\/v2\/types\/page"}],"author":[{"embeddable":true,"href":"http:\/\/precintalia.logoband.es\/en\/wp-json\/wp\/v2\/users\/1"}],"replies":[{"embeddable":true,"href":"http:\/\/precintalia.logoband.es\/en\/wp-json\/wp\/v2\/comments?post=1478"}],"version-history":[{"count":25,"href":"http:\/\/precintalia.logoband.es\/en\/wp-json\/wp\/v2\/pages\/1478\/revisions"}],"predecessor-version":[{"id":3688,"href":"http:\/\/precintalia.logoband.es\/en\/wp-json\/wp\/v2\/pages\/1478\/revisions\/3688"}],"wp:featuredmedia":[{"embeddable":true,"href":"http:\/\/precintalia.logoband.es\/en\/wp-json\/wp\/v2\/media\/1468"}],"wp:attachment":[{"href":"http:\/\/precintalia.logoband.es\/en\/wp-json\/wp\/v2\/media?parent=1478"}],"curies":[{"name":"wp","href":"https:\/\/api.w.org\/{rel}","templated":true}]}}