{"id":1580,"date":"2025-06-16T15:31:34","date_gmt":"2025-06-16T13:31:34","guid":{"rendered":"https:\/\/precintalia.logoband.es\/?page_id=1580"},"modified":"2025-11-27T11:53:53","modified_gmt":"2025-11-27T10:53:53","slug":"za-01-prensa-manual","status":"publish","type":"page","link":"http:\/\/precintalia.logoband.es\/en\/za-01-prensa-manual\/","title":{"rendered":"ZA-01 Prensa manual"},"content":{"rendered":"<div data-elementor-type=\"wp-page\" data-elementor-id=\"1580\" class=\"elementor elementor-1580\" data-elementor-post-type=\"page\">\n\t\t\t\t<div class=\"elementor-element elementor-element-2264c69 e-con-full e-flex e-con e-parent\" data-id=\"2264c69\" data-element_type=\"container\">\n\t\t<div class=\"elementor-element elementor-element-c0a42f7 e-con-full e-flex e-con e-child\" data-id=\"c0a42f7\" data-element_type=\"container\">\n\t\t\t\t<div class=\"elementor-element elementor-element-cfe6d3a elementor-arrows-position-inside elementor-pagination-position-outside elementor-widget elementor-widget-image-carousel\" data-id=\"cfe6d3a\" data-element_type=\"widget\" data-settings=\"{&quot;slides_to_show&quot;:&quot;1&quot;,&quot;navigation&quot;:&quot;both&quot;,&quot;autoplay&quot;:&quot;yes&quot;,&quot;pause_on_hover&quot;:&quot;yes&quot;,&quot;pause_on_interaction&quot;:&quot;yes&quot;,&quot;autoplay_speed&quot;:5000,&quot;infinite&quot;:&quot;yes&quot;,&quot;effect&quot;:&quot;slide&quot;,&quot;speed&quot;:500}\" data-widget_type=\"image-carousel.default\">\n\t\t\t\t<div class=\"elementor-widget-container\">\n\t\t\t\t\t\t\t<div class=\"elementor-image-carousel-wrapper swiper\" role=\"region\" aria-roledescription=\"carousel\" aria-label=\"Image carousel\" dir=\"ltr\">\n\t\t\t<div class=\"elementor-image-carousel swiper-wrapper\" aria-live=\"off\">\n\t\t\t\t\t\t\t\t<div class=\"swiper-slide\" role=\"group\" aria-roledescription=\"slide\" aria-label=\"1 de 2\"><a data-elementor-open-lightbox=\"yes\" data-elementor-lightbox-slideshow=\"cfe6d3a\" data-elementor-lightbox-title=\"04_02\" data-e-action-hash=\"#elementor-action%3Aaction%3Dlightbox%26settings%3DeyJpZCI6MTU2MiwidXJsIjoiaHR0cDpcL1wvcHJlY2ludGFsaWEubG9nb2JhbmQuZXNcL3dwLWNvbnRlbnRcL3VwbG9hZHNcLzIwMjVcLzA2XC8wNF8wMi53ZWJwIiwic2xpZGVzaG93IjoiY2ZlNmQzYSJ9\" href=\"http:\/\/precintalia.logoband.es\/wp-content\/uploads\/2025\/06\/04_02.webp\"><figure class=\"swiper-slide-inner\"><img decoding=\"async\" class=\"swiper-slide-image lazyload\" data-src=\"http:\/\/precintalia.logoband.es\/wp-content\/uploads\/2025\/06\/04_02.webp\" alt=\"Prensa manual precinto de seguridad como se usa\" src=\"data:image\/svg+xml;base64,PHN2ZyB3aWR0aD0iMSIgaGVpZ2h0PSIxIiB4bWxucz0iaHR0cDovL3d3dy53My5vcmcvMjAwMC9zdmciPjwvc3ZnPg==\" style=\"--smush-placeholder-width: 665px; --smush-placeholder-aspect-ratio: 665\/750;\" \/><\/figure><\/a><\/div><div class=\"swiper-slide\" role=\"group\" aria-roledescription=\"slide\" aria-label=\"2 de 2\"><a data-elementor-open-lightbox=\"yes\" data-elementor-lightbox-slideshow=\"cfe6d3a\" data-elementor-lightbox-title=\"zaciskarka-manualna-do-plomb-750px\" data-e-action-hash=\"#elementor-action%3Aaction%3Dlightbox%26settings%3DeyJpZCI6MTU2MSwidXJsIjoiaHR0cDpcL1wvcHJlY2ludGFsaWEubG9nb2JhbmQuZXNcL3dwLWNvbnRlbnRcL3VwbG9hZHNcLzIwMjVcLzA2XC96YWNpc2thcmthLW1hbnVhbG5hLWRvLXBsb21iLTc1MHB4LndlYnAiLCJzbGlkZXNob3ciOiJjZmU2ZDNhIn0%3D\" href=\"http:\/\/precintalia.logoband.es\/wp-content\/uploads\/2025\/06\/zaciskarka-manualna-do-plomb-750px.webp\"><figure class=\"swiper-slide-inner\"><img decoding=\"async\" class=\"swiper-slide-image lazyload\" data-src=\"http:\/\/precintalia.logoband.es\/wp-content\/uploads\/2025\/06\/zaciskarka-manualna-do-plomb-750px.webp\" alt=\"Prensa manual precinto de seguridad\" src=\"data:image\/svg+xml;base64,PHN2ZyB3aWR0aD0iMSIgaGVpZ2h0PSIxIiB4bWxucz0iaHR0cDovL3d3dy53My5vcmcvMjAwMC9zdmciPjwvc3ZnPg==\" style=\"--smush-placeholder-width: 750px; --smush-placeholder-aspect-ratio: 750\/501;\" \/><\/figure><\/a><\/div>\t\t\t<\/div>\n\t\t\t\t\t\t\t\t\t\t\t\t<div class=\"elementor-swiper-button elementor-swiper-button-prev\" role=\"button\" tabindex=\"0\">\n\t\t\t\t\t\t<svg aria-hidden=\"true\" class=\"e-font-icon-svg e-eicon-chevron-left\" viewbox=\"0 0 1000 1000\" xmlns=\"http:\/\/www.w3.org\/2000\/svg\"><path d=\"M646 125C629 125 613 133 604 142L308 442C296 454 292 471 292 487 292 504 296 521 308 533L604 854C617 867 629 875 646 875 663 875 679 871 692 858 704 846 713 829 713 812 713 796 708 779 692 767L438 487 692 225C700 217 708 204 708 187 708 171 704 154 692 142 675 129 663 125 646 125Z\"><\/path><\/svg>\t\t\t\t\t<\/div>\n\t\t\t\t\t<div class=\"elementor-swiper-button elementor-swiper-button-next\" role=\"button\" tabindex=\"0\">\n\t\t\t\t\t\t<svg aria-hidden=\"true\" class=\"e-font-icon-svg e-eicon-chevron-right\" viewbox=\"0 0 1000 1000\" xmlns=\"http:\/\/www.w3.org\/2000\/svg\"><path d=\"M696 533C708 521 713 504 713 487 713 471 708 454 696 446L400 146C388 133 375 125 354 125 338 125 325 129 313 142 300 154 292 171 292 187 292 204 296 221 308 233L563 492 304 771C292 783 288 800 288 817 288 833 296 850 308 863 321 871 338 875 354 875 371 875 388 867 400 854L696 533Z\"><\/path><\/svg>\t\t\t\t\t<\/div>\n\t\t\t\t\n\t\t\t\t\t\t\t\t\t<div class=\"swiper-pagination\"><\/div>\n\t\t\t\t\t\t\t\t\t<\/div>\n\t\t\t\t\t\t<\/div>\n\t\t\t\t<\/div>\n\t\t\t\t<\/div>\n\t\t<div class=\"elementor-element elementor-element-b44bb0a e-con-full e-flex e-con e-child\" data-id=\"b44bb0a\" data-element_type=\"container\">\n\t\t\t\t<div class=\"elementor-element elementor-element-6107d8a elementor-widget elementor-widget-heading\" data-id=\"6107d8a\" data-element_type=\"widget\" data-widget_type=\"heading.default\">\n\t\t\t\t<div class=\"elementor-widget-container\">\n\t\t\t\t\t<h1 class=\"elementor-heading-title elementor-size-default\">ZA-01 Prensa manual<\/h1>\t\t\t\t<\/div>\n\t\t\t\t<\/div>\n\t\t\t\t<div class=\"elementor-element elementor-element-ec87a07 elementor-widget elementor-widget-text-editor\" data-id=\"ec87a07\" data-element_type=\"widget\" data-widget_type=\"text-editor.default\">\n\t\t\t\t<div class=\"elementor-widget-container\">\n\t\t\t\t\t\t\t\t\t<p>La prensa de sellado funciona a la perfecci\u00f3n con nuestro sello SIBO-BAG, lo que aumenta la eficiencia del trabajo, por ejemplo, en la l\u00ednea de producci\u00f3n al cerrar bolsas grandes. La prensa tiene una s\u00f3lida construcci\u00f3n met\u00e1lica y una forma ergon\u00f3mica. Garantiza una sujeci\u00f3n firme y permanente del sello con una peque\u00f1a fuerza manual.<\/p>\t\t\t\t\t\t\t\t<\/div>\n\t\t\t\t<\/div>\n\t\t<div class=\"elementor-element elementor-element-01ec774 e-grid e-con-full e-con e-child\" data-id=\"01ec774\" data-element_type=\"container\">\n\t\t\t\t<div class=\"elementor-element elementor-element-3f74d89 elementor-widget elementor-widget-button\" data-id=\"3f74d89\" data-element_type=\"widget\" data-widget_type=\"button.default\">\n\t\t\t\t<div class=\"elementor-widget-container\">\n\t\t\t\t\t\t\t\t\t<div class=\"elementor-button-wrapper\">\n\t\t\t\t\t<a class=\"elementor-button elementor-size-sm elementor-animation-grow\" role=\"button\">\n\t\t\t\t\t\t<span class=\"elementor-button-content-wrapper\">\n\t\t\t\t\t\t\t\t\t<span class=\"elementor-button-text\">Delivery time<br>7 d\u00edas<\/span>\n\t\t\t\t\t<\/span>\n\t\t\t\t\t<\/a>\n\t\t\t\t<\/div>\n\t\t\t\t\t\t\t\t<\/div>\n\t\t\t\t<\/div>\n\t\t\t\t<div class=\"elementor-element elementor-element-0c7ef83 elementor-widget elementor-widget-button\" data-id=\"0c7ef83\" data-element_type=\"widget\" data-widget_type=\"button.default\">\n\t\t\t\t<div class=\"elementor-widget-container\">\n\t\t\t\t\t\t\t\t\t<div class=\"elementor-button-wrapper\">\n\t\t\t\t\t<a class=\"elementor-button elementor-size-sm elementor-animation-grow\" role=\"button\">\n\t\t\t\t\t\t<span class=\"elementor-button-content-wrapper\">\n\t\t\t\t\t\t\t\t\t<span class=\"elementor-button-text\">Minimum order<br>1 ud<\/span>\n\t\t\t\t\t<\/span>\n\t\t\t\t\t<\/a>\n\t\t\t\t<\/div>\n\t\t\t\t\t\t\t\t<\/div>\n\t\t\t\t<\/div>\n\t\t\t\t<\/div>\n\t\t\t\t<div class=\"elementor-element elementor-element-fe9a610 elementor-align-left elementor-mobile-align-center elementor-widget elementor-widget-button\" data-id=\"fe9a610\" data-element_type=\"widget\" data-widget_type=\"button.default\">\n\t\t\t\t<div class=\"elementor-widget-container\">\n\t\t\t\t\t\t\t\t\t<div class=\"elementor-button-wrapper\">\n\t\t\t\t\t<a class=\"elementor-button elementor-button-link elementor-size-sm elementor-animation-grow\" href=\"\/en\/contacto\/\">\n\t\t\t\t\t\t<span class=\"elementor-button-content-wrapper\">\n\t\t\t\t\t\t\t\t\t<span class=\"elementor-button-text\">Ask about the product<\/span>\n\t\t\t\t\t<\/span>\n\t\t\t\t\t<\/a>\n\t\t\t\t<\/div>\n\t\t\t\t\t\t\t\t<\/div>\n\t\t\t\t<\/div>\n\t\t\t\t<\/div>\n\t\t\t\t<\/div>\n\t\t<div class=\"elementor-element elementor-element-3db57e0 e-flex e-con-boxed e-con e-parent\" data-id=\"3db57e0\" data-element_type=\"container\">\n\t\t\t\t\t<div class=\"e-con-inner\">\n\t\t\t\t<div class=\"elementor-element elementor-element-ec99ac5 elementor-widget elementor-widget-n-accordion\" data-id=\"ec99ac5\" data-element_type=\"widget\" data-settings=\"{&quot;default_state&quot;:&quot;all_collapsed&quot;,&quot;max_items_expended&quot;:&quot;multiple&quot;,&quot;n_accordion_animation_duration&quot;:{&quot;unit&quot;:&quot;ms&quot;,&quot;size&quot;:400,&quot;sizes&quot;:[]}}\" data-widget_type=\"nested-accordion.default\">\n\t\t\t\t<div class=\"elementor-widget-container\">\n\t\t\t\t\t\t\t<div class=\"e-n-accordion\" aria-label=\"Accordion. Open links with Enter or Space, close with Escape, and navigate with Arrow Keys\">\n\t\t\t\t\t\t<details id=\"e-n-accordion-item-2480\" class=\"e-n-accordion-item\" >\n\t\t\t\t<summary class=\"e-n-accordion-item-title\" data-accordion-index=\"1\" tabindex=\"0\" aria-expanded=\"false\" aria-controls=\"e-n-accordion-item-2480\" >\n\t\t\t\t\t<span class='e-n-accordion-item-title-header'><div class=\"e-n-accordion-item-title-text\"> Caracter\u00edsticas y beneficios <\/div><\/span>\n\t\t\t\t\t\t\t<span class='e-n-accordion-item-title-icon'>\n\t\t\t<span class='e-opened' ><svg aria-hidden=\"true\" class=\"e-font-icon-svg e-fas-minus\" viewbox=\"0 0 448 512\" xmlns=\"http:\/\/www.w3.org\/2000\/svg\"><path d=\"M416 208H32c-17.67 0-32 14.33-32 32v32c0 17.67 14.33 32 32 32h384c17.67 0 32-14.33 32-32v-32c0-17.67-14.33-32-32-32z\"><\/path><\/svg><\/span>\n\t\t\t<span class='e-closed'><svg aria-hidden=\"true\" class=\"e-font-icon-svg e-fas-plus\" viewbox=\"0 0 448 512\" xmlns=\"http:\/\/www.w3.org\/2000\/svg\"><path d=\"M416 208H272V64c0-17.67-14.33-32-32-32h-32c-17.67 0-32 14.33-32 32v144H32c-17.67 0-32 14.33-32 32v32c0 17.67 14.33 32 32 32h144v144c0 17.67 14.33 32 32 32h32c17.67 0 32-14.33 32-32V304h144c17.67 0 32-14.33 32-32v-32c0-17.67-14.33-32-32-32z\"><\/path><\/svg><\/span>\n\t\t<\/span>\n\n\t\t\t\t\t\t<\/summary>\n\t\t\t\t<div role=\"region\" aria-labelledby=\"e-n-accordion-item-2480\" class=\"elementor-element elementor-element-c2a60b5 e-con-full e-flex e-con e-child\" data-id=\"c2a60b5\" data-element_type=\"container\">\n\t\t\t\t<div class=\"elementor-element elementor-element-b806464 elementor-widget elementor-widget-text-editor\" data-id=\"b806464\" data-element_type=\"widget\" data-widget_type=\"text-editor.default\">\n\t\t\t\t<div class=\"elementor-widget-container\">\n\t\t\t\t\t\t\t\t\t<ul><li>Dise\u00f1ado para sellar bolsas SIBO-BAG<\/li><li>Sellado m\u00e1s r\u00e1pido y sencillo de bolsas \u2013 tipo Big Bags y no s\u00f3lo<\/li><li>Mayor eficiencia con el m\u00ednimo esfuerzo<\/li><li>Funciona especialmente al cerrar Big-Bags en la l\u00ednea de producci\u00f3n, por ejemplo, fabricantes de fertilizantes artificiales.<\/li><li>Son herramientas de trabajo pesado<\/li><li>Construcci\u00f3n robusta de acero<\/li><li>De forma ergon\u00f3mica<\/li><li>Guillotina manual<\/li><\/ul>\t\t\t\t\t\t\t\t<\/div>\n\t\t\t\t<\/div>\n\t\t\t\t<\/div>\n\t\t\t\t\t<\/details>\n\t\t\t\t\t\t<details id=\"e-n-accordion-item-2481\" class=\"e-n-accordion-item\" >\n\t\t\t\t<summary class=\"e-n-accordion-item-title\" data-accordion-index=\"2\" tabindex=\"-1\" aria-expanded=\"false\" aria-controls=\"e-n-accordion-item-2481\" >\n\t\t\t\t\t<span class='e-n-accordion-item-title-header'><div class=\"e-n-accordion-item-title-text\"> Dimensiones <\/div><\/span>\n\t\t\t\t\t\t\t<span class='e-n-accordion-item-title-icon'>\n\t\t\t<span class='e-opened' ><svg aria-hidden=\"true\" class=\"e-font-icon-svg e-fas-minus\" viewbox=\"0 0 448 512\" xmlns=\"http:\/\/www.w3.org\/2000\/svg\"><path d=\"M416 208H32c-17.67 0-32 14.33-32 32v32c0 17.67 14.33 32 32 32h384c17.67 0 32-14.33 32-32v-32c0-17.67-14.33-32-32-32z\"><\/path><\/svg><\/span>\n\t\t\t<span class='e-closed'><svg aria-hidden=\"true\" class=\"e-font-icon-svg e-fas-plus\" viewbox=\"0 0 448 512\" xmlns=\"http:\/\/www.w3.org\/2000\/svg\"><path d=\"M416 208H272V64c0-17.67-14.33-32-32-32h-32c-17.67 0-32 14.33-32 32v144H32c-17.67 0-32 14.33-32 32v32c0 17.67 14.33 32 32 32h144v144c0 17.67 14.33 32 32 32h32c17.67 0 32-14.33 32-32V304h144c17.67 0 32-14.33 32-32v-32c0-17.67-14.33-32-32-32z\"><\/path><\/svg><\/span>\n\t\t<\/span>\n\n\t\t\t\t\t\t<\/summary>\n\t\t\t\t<div role=\"region\" aria-labelledby=\"e-n-accordion-item-2481\" class=\"elementor-element elementor-element-7f1283f e-con-full e-flex e-con e-child\" data-id=\"7f1283f\" data-element_type=\"container\">\n\t\t\t\t<div class=\"elementor-element elementor-element-357cd86 elementor-widget elementor-widget-image\" data-id=\"357cd86\" data-element_type=\"widget\" data-widget_type=\"image.default\">\n\t\t\t\t<div class=\"elementor-widget-container\">\n\t\t\t\t\t\t\t\t\t\t\t\t\t\t\t\t<a href=\"http:\/\/precintalia.logoband.es\/wp-content\/uploads\/2025\/06\/04_03-800x485-1.webp\" data-elementor-open-lightbox=\"yes\" data-elementor-lightbox-title=\"04_03-800x485-1\" data-e-action-hash=\"#elementor-action%3Aaction%3Dlightbox%26settings%3DeyJpZCI6MTU2MywidXJsIjoiaHR0cDpcL1wvcHJlY2ludGFsaWEubG9nb2JhbmQuZXNcL3dwLWNvbnRlbnRcL3VwbG9hZHNcLzIwMjVcLzA2XC8wNF8wMy04MDB4NDg1LTEud2VicCJ9\">\n\t\t\t\t\t\t\t<img fetchpriority=\"high\" decoding=\"async\" width=\"800\" height=\"485\" src=\"http:\/\/precintalia.logoband.es\/wp-content\/uploads\/2025\/06\/04_03-800x485-1.webp\" class=\"attachment-large size-large wp-image-1563\" alt=\"Dimensiones prensa manual precinto de seguridad\" srcset=\"http:\/\/precintalia.logoband.es\/wp-content\/uploads\/2025\/06\/04_03-800x485-1.webp 800w, http:\/\/precintalia.logoband.es\/wp-content\/uploads\/2025\/06\/04_03-800x485-1-300x182.webp 300w, http:\/\/precintalia.logoband.es\/wp-content\/uploads\/2025\/06\/04_03-800x485-1-768x466.webp 768w\" sizes=\"(max-width: 800px) 100vw, 800px\" \/>\t\t\t\t\t\t\t\t<\/a>\n\t\t\t\t\t\t\t\t\t\t\t\t\t\t\t<\/div>\n\t\t\t\t<\/div>\n\t\t\t\t<\/div>\n\t\t\t\t\t<\/details>\n\t\t\t\t\t<\/div>\n\t\t\t\t\t\t<\/div>\n\t\t\t\t<\/div>\n\t\t\t\t\t<\/div>\n\t\t\t\t<\/div>\n\t\t\t\t<\/div>","protected":false},"excerpt":{"rendered":"<p>ZA-01 Prensa manual La prensa de sellado funciona a la perfecci\u00f3n con nuestro sello SIBO-BAG, lo que aumenta la eficiencia del trabajo, por ejemplo, en la l\u00ednea de producci\u00f3n al cerrar bolsas grandes. La prensa tiene una s\u00f3lida construcci\u00f3n met\u00e1lica y una forma ergon\u00f3mica. Garantiza una sujeci\u00f3n firme y permanente del sello con una peque\u00f1a [&hellip;]<\/p>","protected":false},"author":1,"featured_media":1561,"parent":0,"menu_order":0,"comment_status":"closed","ping_status":"closed","template":"elementor_header_footer","meta":{"footnotes":""},"class_list":["post-1580","page","type-page","status-publish","has-post-thumbnail","hentry"],"yoast_head":"<!-- This site is optimized with the Yoast SEO plugin v26.4 - https:\/\/yoast.com\/wordpress\/plugins\/seo\/ -->\n<title>Sello de medidor de seguridad SIBO-ROTO WHITE - Precintalia<\/title>\n<meta name=\"description\" content=\"Prensa manual ZA-01 para aplicar precintos de seguridad con firmeza y precisi\u00f3n. Herramienta esencial para un sellado profesional.\" \/>\n<meta name=\"robots\" content=\"index, follow, max-snippet:-1, max-image-preview:large, max-video-preview:-1\" \/>\n<link rel=\"canonical\" href=\"http:\/\/precintalia.logoband.es\/en\/za-01-prensa-manual\/\" \/>\n<meta property=\"og:locale\" content=\"en_GB\" \/>\n<meta property=\"og:type\" content=\"article\" \/>\n<meta property=\"og:title\" content=\"Sello de medidor de seguridad SIBO-ROTO WHITE - Precintalia\" \/>\n<meta property=\"og:description\" content=\"Prensa manual ZA-01 para aplicar precintos de seguridad con firmeza y precisi\u00f3n. Herramienta esencial para un sellado profesional.\" \/>\n<meta property=\"og:url\" content=\"http:\/\/precintalia.logoband.es\/en\/za-01-prensa-manual\/\" \/>\n<meta property=\"og:site_name\" content=\"Precintalia\" \/>\n<meta property=\"article:modified_time\" content=\"2025-11-27T10:53:53+00:00\" \/>\n<meta property=\"og:image\" content=\"http:\/\/precintalia.logoband.es\/wp-content\/uploads\/2025\/06\/zaciskarka-manualna-do-plomb-750px.webp\" \/>\n\t<meta property=\"og:image:width\" content=\"750\" \/>\n\t<meta property=\"og:image:height\" content=\"501\" \/>\n\t<meta property=\"og:image:type\" content=\"image\/webp\" \/>\n<meta name=\"twitter:card\" content=\"summary_large_image\" \/>\n<script type=\"application\/ld+json\" class=\"yoast-schema-graph\">{\"@context\":\"https:\/\/schema.org\",\"@graph\":[{\"@type\":\"WebPage\",\"@id\":\"http:\/\/precintalia.logoband.es\/za-01-prensa-manual\/\",\"url\":\"http:\/\/precintalia.logoband.es\/za-01-prensa-manual\/\",\"name\":\"Sello de medidor de seguridad SIBO-ROTO WHITE - Precintalia\",\"isPartOf\":{\"@id\":\"http:\/\/precintalia.logoband.es\/#website\"},\"primaryImageOfPage\":{\"@id\":\"http:\/\/precintalia.logoband.es\/za-01-prensa-manual\/#primaryimage\"},\"image\":{\"@id\":\"http:\/\/precintalia.logoband.es\/za-01-prensa-manual\/#primaryimage\"},\"thumbnailUrl\":\"http:\/\/precintalia.logoband.es\/wp-content\/uploads\/2025\/06\/zaciskarka-manualna-do-plomb-750px.webp\",\"datePublished\":\"2025-06-16T13:31:34+00:00\",\"dateModified\":\"2025-11-27T10:53:53+00:00\",\"description\":\"Prensa manual ZA-01 para aplicar precintos de seguridad con firmeza y precisi\u00f3n. Herramienta esencial para un sellado profesional.\",\"breadcrumb\":{\"@id\":\"http:\/\/precintalia.logoband.es\/za-01-prensa-manual\/#breadcrumb\"},\"inLanguage\":\"en-GB\",\"potentialAction\":[{\"@type\":\"ReadAction\",\"target\":[\"http:\/\/precintalia.logoband.es\/za-01-prensa-manual\/\"]}]},{\"@type\":\"ImageObject\",\"inLanguage\":\"en-GB\",\"@id\":\"http:\/\/precintalia.logoband.es\/za-01-prensa-manual\/#primaryimage\",\"url\":\"http:\/\/precintalia.logoband.es\/wp-content\/uploads\/2025\/06\/zaciskarka-manualna-do-plomb-750px.webp\",\"contentUrl\":\"http:\/\/precintalia.logoband.es\/wp-content\/uploads\/2025\/06\/zaciskarka-manualna-do-plomb-750px.webp\",\"width\":750,\"height\":501,\"caption\":\"Prensa manual precinto de seguridad\"},{\"@type\":\"BreadcrumbList\",\"@id\":\"http:\/\/precintalia.logoband.es\/za-01-prensa-manual\/#breadcrumb\",\"itemListElement\":[{\"@type\":\"ListItem\",\"position\":1,\"name\":\"Portada\",\"item\":\"http:\/\/precintalia.logoband.es\/\"},{\"@type\":\"ListItem\",\"position\":2,\"name\":\"ZA-01 Prensa manual\"}]},{\"@type\":\"WebSite\",\"@id\":\"http:\/\/precintalia.logoband.es\/#website\",\"url\":\"http:\/\/precintalia.logoband.es\/\",\"name\":\"Logoband Espa\u00f1a\",\"description\":\"Precintos de seguridad\",\"publisher\":{\"@id\":\"http:\/\/precintalia.logoband.es\/#organization\"},\"potentialAction\":[{\"@type\":\"SearchAction\",\"target\":{\"@type\":\"EntryPoint\",\"urlTemplate\":\"http:\/\/precintalia.logoband.es\/?s={search_term_string}\"},\"query-input\":{\"@type\":\"PropertyValueSpecification\",\"valueRequired\":true,\"valueName\":\"search_term_string\"}}],\"inLanguage\":\"en-GB\"},{\"@type\":\"Organization\",\"@id\":\"http:\/\/precintalia.logoband.es\/#organization\",\"name\":\"Logoband Espa\u00f1a\",\"url\":\"http:\/\/precintalia.logoband.es\/\",\"logo\":{\"@type\":\"ImageObject\",\"inLanguage\":\"en-GB\",\"@id\":\"http:\/\/precintalia.logoband.es\/#\/schema\/logo\/image\/\",\"url\":\"http:\/\/precintalia.logoband.es\/wp-content\/uploads\/2025\/03\/Logotipo-PNG.png\",\"contentUrl\":\"http:\/\/precintalia.logoband.es\/wp-content\/uploads\/2025\/03\/Logotipo-PNG.png\",\"width\":500,\"height\":104,\"caption\":\"Logoband Espa\u00f1a\"},\"image\":{\"@id\":\"http:\/\/precintalia.logoband.es\/#\/schema\/logo\/image\/\"}}]}<\/script>\n<!-- \/ Yoast SEO plugin. -->","yoast_head_json":{"title":"Sello de medidor de seguridad SIBO-ROTO WHITE - Precintalia","description":"Prensa manual ZA-01 para aplicar precintos de seguridad con firmeza y precisi\u00f3n. Herramienta esencial para un sellado profesional.","robots":{"index":"index","follow":"follow","max-snippet":"max-snippet:-1","max-image-preview":"max-image-preview:large","max-video-preview":"max-video-preview:-1"},"canonical":"http:\/\/precintalia.logoband.es\/en\/za-01-prensa-manual\/","og_locale":"en_GB","og_type":"article","og_title":"Sello de medidor de seguridad SIBO-ROTO WHITE - Precintalia","og_description":"Prensa manual ZA-01 para aplicar precintos de seguridad con firmeza y precisi\u00f3n. Herramienta esencial para un sellado profesional.","og_url":"http:\/\/precintalia.logoband.es\/en\/za-01-prensa-manual\/","og_site_name":"Precintalia","article_modified_time":"2025-11-27T10:53:53+00:00","og_image":[{"width":750,"height":501,"url":"http:\/\/precintalia.logoband.es\/wp-content\/uploads\/2025\/06\/zaciskarka-manualna-do-plomb-750px.webp","type":"image\/webp"}],"twitter_card":"summary_large_image","schema":{"@context":"https:\/\/schema.org","@graph":[{"@type":"WebPage","@id":"http:\/\/precintalia.logoband.es\/za-01-prensa-manual\/","url":"http:\/\/precintalia.logoband.es\/za-01-prensa-manual\/","name":"Sello de medidor de seguridad SIBO-ROTO WHITE - Precintalia","isPartOf":{"@id":"http:\/\/precintalia.logoband.es\/#website"},"primaryImageOfPage":{"@id":"http:\/\/precintalia.logoband.es\/za-01-prensa-manual\/#primaryimage"},"image":{"@id":"http:\/\/precintalia.logoband.es\/za-01-prensa-manual\/#primaryimage"},"thumbnailUrl":"http:\/\/precintalia.logoband.es\/wp-content\/uploads\/2025\/06\/zaciskarka-manualna-do-plomb-750px.webp","datePublished":"2025-06-16T13:31:34+00:00","dateModified":"2025-11-27T10:53:53+00:00","description":"Prensa manual ZA-01 para aplicar precintos de seguridad con firmeza y precisi\u00f3n. Herramienta esencial para un sellado profesional.","breadcrumb":{"@id":"http:\/\/precintalia.logoband.es\/za-01-prensa-manual\/#breadcrumb"},"inLanguage":"en-GB","potentialAction":[{"@type":"ReadAction","target":["http:\/\/precintalia.logoband.es\/za-01-prensa-manual\/"]}]},{"@type":"ImageObject","inLanguage":"en-GB","@id":"http:\/\/precintalia.logoband.es\/za-01-prensa-manual\/#primaryimage","url":"http:\/\/precintalia.logoband.es\/wp-content\/uploads\/2025\/06\/zaciskarka-manualna-do-plomb-750px.webp","contentUrl":"http:\/\/precintalia.logoband.es\/wp-content\/uploads\/2025\/06\/zaciskarka-manualna-do-plomb-750px.webp","width":750,"height":501,"caption":"Prensa manual precinto de seguridad"},{"@type":"BreadcrumbList","@id":"http:\/\/precintalia.logoband.es\/za-01-prensa-manual\/#breadcrumb","itemListElement":[{"@type":"ListItem","position":1,"name":"Portada","item":"http:\/\/precintalia.logoband.es\/"},{"@type":"ListItem","position":2,"name":"ZA-01 Prensa manual"}]},{"@type":"WebSite","@id":"http:\/\/precintalia.logoband.es\/#website","url":"http:\/\/precintalia.logoband.es\/","name":"Logoband Espa\u00f1a","description":"Security seals","publisher":{"@id":"http:\/\/precintalia.logoband.es\/#organization"},"potentialAction":[{"@type":"SearchAction","target":{"@type":"EntryPoint","urlTemplate":"http:\/\/precintalia.logoband.es\/?s={search_term_string}"},"query-input":{"@type":"PropertyValueSpecification","valueRequired":true,"valueName":"search_term_string"}}],"inLanguage":"en-GB"},{"@type":"Organization","@id":"http:\/\/precintalia.logoband.es\/#organization","name":"Logoband Espa\u00f1a","url":"http:\/\/precintalia.logoband.es\/","logo":{"@type":"ImageObject","inLanguage":"en-GB","@id":"http:\/\/precintalia.logoband.es\/#\/schema\/logo\/image\/","url":"http:\/\/precintalia.logoband.es\/wp-content\/uploads\/2025\/03\/Logotipo-PNG.png","contentUrl":"http:\/\/precintalia.logoband.es\/wp-content\/uploads\/2025\/03\/Logotipo-PNG.png","width":500,"height":104,"caption":"Logoband Espa\u00f1a"},"image":{"@id":"http:\/\/precintalia.logoband.es\/#\/schema\/logo\/image\/"}}]}},"_links":{"self":[{"href":"http:\/\/precintalia.logoband.es\/en\/wp-json\/wp\/v2\/pages\/1580","targetHints":{"allow":["GET"]}}],"collection":[{"href":"http:\/\/precintalia.logoband.es\/en\/wp-json\/wp\/v2\/pages"}],"about":[{"href":"http:\/\/precintalia.logoband.es\/en\/wp-json\/wp\/v2\/types\/page"}],"author":[{"embeddable":true,"href":"http:\/\/precintalia.logoband.es\/en\/wp-json\/wp\/v2\/users\/1"}],"replies":[{"embeddable":true,"href":"http:\/\/precintalia.logoband.es\/en\/wp-json\/wp\/v2\/comments?post=1580"}],"version-history":[{"count":22,"href":"http:\/\/precintalia.logoband.es\/en\/wp-json\/wp\/v2\/pages\/1580\/revisions"}],"predecessor-version":[{"id":3738,"href":"http:\/\/precintalia.logoband.es\/en\/wp-json\/wp\/v2\/pages\/1580\/revisions\/3738"}],"wp:featuredmedia":[{"embeddable":true,"href":"http:\/\/precintalia.logoband.es\/en\/wp-json\/wp\/v2\/media\/1561"}],"wp:attachment":[{"href":"http:\/\/precintalia.logoband.es\/en\/wp-json\/wp\/v2\/media?parent=1580"}],"curies":[{"name":"wp","href":"https:\/\/api.w.org\/{rel}","templated":true}]}}