{"id":2174,"date":"2025-06-20T21:46:53","date_gmt":"2025-06-20T19:46:53","guid":{"rendered":"https:\/\/precintalia.logoband.es\/?page_id=2174"},"modified":"2025-11-26T13:15:46","modified_gmt":"2025-11-26T12:15:46","slug":"condiciones-generales-de-contratacion-2","status":"publish","type":"page","link":"http:\/\/precintalia.logoband.es\/en\/condiciones-generales-de-contratacion-2\/","title":{"rendered":"General contracting conditions"},"content":{"rendered":"<div data-elementor-type=\"wp-page\" data-elementor-id=\"2174\" class=\"elementor elementor-2174\" data-elementor-post-type=\"page\">\n\t\t\t\t<div class=\"elementor-element elementor-element-2a875e7 e-flex e-con-boxed e-con e-parent\" data-id=\"2a875e7\" data-element_type=\"container\">\n\t\t\t\t\t<div class=\"e-con-inner\">\n\t\t\t\t<div class=\"elementor-element elementor-element-bb03b3c elementor-widget elementor-widget-text-editor\" data-id=\"bb03b3c\" data-element_type=\"widget\" data-widget_type=\"text-editor.default\">\n\t\t\t\t<div class=\"elementor-widget-container\">\n\t\t\t\t\t\t\t\t\t<div class=\"page-header\"><h2 class=\"entry-title\">General contracting conditions<\/h2><\/div><div class=\"page-content\"><p>A continuaci\u00f3n, se expone el documento contractual que regir\u00e1 la contrataci\u00f3n de productos y servicios derivados del del sitio web www.precintalia.com, propiedad de LOGO MEDIA NETWORK S.L. (en adelante PRECINTALIA). La aceptaci\u00f3n del presente documento conlleva que el cliente:<\/p><p>a. Ha le\u00eddo, entiende y comprende lo aqu\u00ed expuesto.<\/p><p>b. Que es una persona con capacidad suficiente para contratar.<\/p><p>c. Que asume todas las obligaciones aqu\u00ed dispuestas.<\/p><p>Las presentes condiciones tendr\u00e1n un periodo de validez indefinido y ser\u00e1n aplicables a todas las contrataciones derivadas de la adquisici\u00f3n de productos y servicios mostrados en el sitio web www.logoband.es de PRECINTALIA.<\/p><p>PRECINTALIA\u00a0se reserva el derecho de modificar unilateralmente dichas Condiciones, sin que ello pueda afectar a los bienes o promociones que fueron adquiridos previamente a la modificaci\u00f3n.<\/p><p><strong>IDENTIDAD DE LAS PARTES<\/strong><\/p><p>Por una parte, el proveedor de los bienes o servicios contratados por el cliente es PRECINTALIA, con domicilio social en c\/ Groenlandia 4, CP 28909, Getafe, con C.I.F. B84176262, inscrito en el Registro Mercantil de Madrid, Hoja M-367427 Tomo 20742 Folio 190 y con tel\u00e9fono de atenci\u00f3n al cliente 658 39 67 21, y de otra, el cliente, siendo responsable de la veracidad de los datos personales facilitados a PRECINTALIA.<\/p><p><strong>OBJETO DEL CONTRATO<\/strong><\/p><p>El presente contrato tiene por objeto regular la relaci\u00f3n contractual de compraventa nacida entre PRECINTALIA y el cliente en el momento en que \u00e9ste se pone en contacto por escrito con PRECINTALIA, incluso a trav\u00e9s de un correo electr\u00f3nico, y manifiesta su intenci\u00f3n de realizar un pedido.<\/p><p>La relaci\u00f3n contractual de compraventa conlleva la entrega, a cambio de un precio determinado y facilitado al cliente antes del cierre del pedido, de un producto o servicio concreto.<\/p><p><strong>PROCEDIMIENTO DE CONTRATACI\u00d3N, Precio y plazo de validez de la oferta<\/strong><\/p><p>La confirmaci\u00f3n por escrito de un pedido, tambi\u00e9n a trav\u00e9s de correo electr\u00f3nico, significar\u00e1 la celebraci\u00f3n de un contrato de compraventa entre el cliente y PRECINTALIA bajo los t\u00e9rminos y condiciones especificados en este documento.<\/p><p>Los pedidos se ejecutar\u00e1n \u00fanicamente despu\u00e9s de la recepci\u00f3n por escrito, o mediante la forma de correo electr\u00f3nico, de la aceptaci\u00f3n del proyecto y\/o muestras. Y tambi\u00e9n se requerir\u00e1 siempre, enviar una confirmaci\u00f3n de pago de la totalidad, o parte del valor del pedido (s\u00f3lo en ocasiones espec\u00edficas y especiales) a la cuenta bancaria indicada por PRECINTALIA.<\/p><p>PRECINTALIA se reserva el derecho a rechazar, suspender la ejecuci\u00f3n de un pedido o realizar cambios en el precio negociado de venta si:<\/p><p>a) el pedido no excede las cantidades m\u00ednimas de pedido para un producto determinado<\/p><p>b) el plazo exigido por el cliente es m\u00e1s corto que el indicado en la oferta o solicitud<\/p><p>c) el cliente se retrasa en el pago de facturas pendientes<\/p><p>d) el cliente no cumple la obligaci\u00f3n de enviar los archivos en el formato gr\u00e1fico requerido<\/p><p>Las cotizaciones enviadas al cliente por v\u00eda electr\u00f3nica expirar\u00e1n pasados 7 d\u00edas desde la fecha de su env\u00edo.<\/p><p>El cliente se compromete a enviar el archivo correcto en formato vectorial.<\/p><p><strong>Entrega de pedidos<\/strong><\/p><p>La entrega de los pedidos se realizar\u00e1 en el domicilio de entrega designado libremente por el cliente. De tal forma, el prestador no asume responsabilidad alguna por cuando la entrega del producto o servicio no llegue a realizarse como consecuencia de que los datos facilitados por el usuario sean falsos, inexactos o incompletos o cuando la entrega no pueda efectuarse por causas ajenas a la empresa de env\u00edos, asignada para tal efecto, como lo es la ausencia del destinatario.<\/p><p>Sin perjuicio de lo anterior PRECINTALIA deber\u00e1 adoptar las medidas exigidas a un comerciante diligente para que la entrega pueda efectuarse en el tiempo acordado, y de no ser as\u00ed, lo antes posible, a satisfacci\u00f3n del remitente como del destinatario, por lo que no podr\u00e1 imputarse responsabilidad alguna en contra de PRECINTALIA.<\/p><p>Las reclamaciones no est\u00e1n sujetas a da\u00f1os, p\u00e9rdida o retraso de los env\u00edos durante el transporte. La p\u00e9rdida, da\u00f1os y retraso de los env\u00edos est\u00e1n sujetos a una reclamaci\u00f3n a la compa\u00f1\u00eda de transporte. Es un factor independiente de PRECINTALIA.<\/p><p>PRECINTALIA no se hace responsable del incumplimiento o inadecuada ejecuci\u00f3n de sus obligaciones si dicho incumplimiento o inadecuada ejecuci\u00f3n es debido a causas de fuerza mayor, como por ejemplo desastres naturales, terremotos, ciclones, tormentas, inundaciones, niebla, huelgas, guerras, disturbios, bloqueos de carreteras, cambios en las regulaciones nacionales y\/o internacionales.<\/p><p><strong>RECLAMACIONES<\/strong><\/p><p>Las reclamaciones deben presentarse inmediatamente, es decir, dentro de los 7 d\u00edas desde la recepci\u00f3n de la mercanc\u00eda, a trav\u00e9s de la direcci\u00f3n de correo electr\u00f3nico de PRECINTALIA junto con los motivos de queja.<\/p><p>No se aceptar\u00e1n reclamaciones presentadas despu\u00e9s de 7 d\u00edas desde la fecha de recepci\u00f3n de la mercanc\u00eda.<\/p><p>Las reclamaciones \u00fanicamente ser\u00e1n consideradas en caso de no conformidad con las especificaciones del pedido.<\/p><p>Las reclamaciones no est\u00e1n sujetas a errores de impresi\u00f3n causados \u200b\u200bpor culpa del cliente, es decir, como resultado de enviar archivos que contengan errores.<\/p><p>Debido a los diversos ajustes de los distintos monitores, los cuales difieren significativamente entre s\u00ed, las reclamaciones no est\u00e1n sujetas a los tonos de colores. Pedimos prestar atenci\u00f3n a las descripciones de los productos o comprar muestras de prueba.<\/p><p>Debido a la realizaci\u00f3n de los pedidos a partir de materiales provenientes de distintas entregas, las reclamaciones tampoco est\u00e1n sujetas a peque\u00f1os cambios en los matices del material y colores de impresi\u00f3n en caso de hacer pedidos a partir de la compra de muestras y en caso de reimpresi\u00f3n de productos fabricados previamente.<\/p><p>La responsabilidad de PRECINTALIA por los da\u00f1os causados al cliente (independientemente de la base jur\u00eddica) se limita al valor del pedido y\/o servicios al que se refiere la reclamaci\u00f3n. PRECINTALIA se hace \u00fanicamente responsable de la p\u00e9rdida real, no se hace responsable de los beneficios que podr\u00eda lograr el Cliente en el caso de no haber sufrido da\u00f1os (lucro cesante).<\/p><p><strong>GARANT\u00cdAS APLICABLES<\/strong><\/p><p>Todos los productos ofertados a trav\u00e9s del sitio web son completamente originales, salvo que se indique lo contrario en su descripci\u00f3n.<\/p><p>Todos ellos cuentan con un periodo de garant\u00eda de 2 a\u00f1os, conforme a los criterios y condiciones descritas en el Real Decreto Legislativo 1\/2007, de 16 de noviembre, por el que se aprueba el texto refundido de la Ley General para la Defensa de los Consumidores y Usuarios y otras leyes complementarias.<\/p><p><strong>Ley aplicable y jurisdicci\u00f3n<\/strong><\/p><p>Estas condiciones se regir\u00e1n o interpretar\u00e1n conforme a la legislaci\u00f3n espa\u00f1ola en aquello que no est\u00e9 expresamente establecido. El prestador y el usuario acuerdan someter cualquier controversia que pudiera suscitarse de la prestaci\u00f3n de los productos o servicios objeto de estas Condiciones, a los Juzgados y Tribunales de Madrid.<\/p><p class=\"wp-block-heading\"><strong>Env\u00edos y entregas<\/strong><\/p><p>PRECINTALIA, se encarga del env\u00edo y de forma totalmente GRATUITA a cualquier lugar de la pen\u00ednsula. Trabajamos con las mejores agencias de transportes. Solemos disponer de tres tipos de plazos de entrega, escoge el que m\u00e1s encaje en sus necesidades.<\/p><\/div>\t\t\t\t\t\t\t\t<\/div>\n\t\t\t\t<\/div>\n\t\t\t\t\t<\/div>\n\t\t\t\t<\/div>\n\t\t\t\t<\/div>","protected":false},"excerpt":{"rendered":"<p>Condiciones generales de contrataci\u00f3n A continuaci\u00f3n, se expone el documento contractual que regir\u00e1 la contrataci\u00f3n de productos y servicios derivados del del sitio web www.precintalia.com, propiedad de LOGO MEDIA NETWORK S.L. (en adelante PRECINTALIA). La aceptaci\u00f3n del presente documento conlleva que el cliente: a. Ha le\u00eddo, entiende y comprende lo aqu\u00ed expuesto. b. Que es [&hellip;]<\/p>","protected":false},"author":1,"featured_media":0,"parent":0,"menu_order":0,"comment_status":"closed","ping_status":"closed","template":"elementor_header_footer","meta":{"footnotes":""},"class_list":["post-2174","page","type-page","status-publish","hentry"],"yoast_head":"<!-- This site is optimized with the Yoast SEO plugin v26.4 - https:\/\/yoast.com\/wordpress\/plugins\/seo\/ -->\n<title>Condiciones generales de contrataci\u00f3n - Precintalia<\/title>\n<meta name=\"robots\" content=\"index, follow, max-snippet:-1, max-image-preview:large, max-video-preview:-1\" \/>\n<link rel=\"canonical\" href=\"http:\/\/precintalia.logoband.es\/en\/condiciones-generales-de-contratacion-2\/\" \/>\n<meta property=\"og:locale\" content=\"en_GB\" \/>\n<meta property=\"og:type\" content=\"article\" \/>\n<meta property=\"og:title\" content=\"Condiciones generales de contrataci\u00f3n - Precintalia\" \/>\n<meta property=\"og:description\" content=\"Condiciones generales de contrataci\u00f3n A continuaci\u00f3n, se expone el documento contractual que regir\u00e1 la contrataci\u00f3n de productos y servicios derivados del del sitio web www.precintalia.com, propiedad de LOGO MEDIA NETWORK S.L. (en adelante PRECINTALIA). La aceptaci\u00f3n del presente documento conlleva que el cliente: a. Ha le\u00eddo, entiende y comprende lo aqu\u00ed expuesto. b. Que es [&hellip;]\" \/>\n<meta property=\"og:url\" content=\"http:\/\/precintalia.logoband.es\/en\/condiciones-generales-de-contratacion-2\/\" \/>\n<meta property=\"og:site_name\" content=\"Precintalia\" \/>\n<meta property=\"article:modified_time\" content=\"2025-11-26T12:15:46+00:00\" \/>\n<meta name=\"twitter:card\" content=\"summary_large_image\" \/>\n<script type=\"application\/ld+json\" class=\"yoast-schema-graph\">{\"@context\":\"https:\/\/schema.org\",\"@graph\":[{\"@type\":\"WebPage\",\"@id\":\"http:\/\/precintalia.logoband.es\/en\/condiciones-generales-de-contratacion-2\/\",\"url\":\"http:\/\/precintalia.logoband.es\/en\/condiciones-generales-de-contratacion-2\/\",\"name\":\"Condiciones generales de contrataci\u00f3n - Precintalia\",\"isPartOf\":{\"@id\":\"http:\/\/precintalia.logoband.es\/#website\"},\"datePublished\":\"2025-06-20T19:46:53+00:00\",\"dateModified\":\"2025-11-26T12:15:46+00:00\",\"breadcrumb\":{\"@id\":\"http:\/\/precintalia.logoband.es\/en\/condiciones-generales-de-contratacion-2\/#breadcrumb\"},\"inLanguage\":\"en-GB\",\"potentialAction\":[{\"@type\":\"ReadAction\",\"target\":[\"http:\/\/precintalia.logoband.es\/en\/condiciones-generales-de-contratacion-2\/\"]}]},{\"@type\":\"BreadcrumbList\",\"@id\":\"http:\/\/precintalia.logoband.es\/en\/condiciones-generales-de-contratacion-2\/#breadcrumb\",\"itemListElement\":[{\"@type\":\"ListItem\",\"position\":1,\"name\":\"Portada\",\"item\":\"http:\/\/precintalia.logoband.es\/\"},{\"@type\":\"ListItem\",\"position\":2,\"name\":\"Condiciones generales de contrataci\u00f3n\"}]},{\"@type\":\"WebSite\",\"@id\":\"http:\/\/precintalia.logoband.es\/#website\",\"url\":\"http:\/\/precintalia.logoband.es\/\",\"name\":\"Logoband Espa\u00f1a\",\"description\":\"Precintos de seguridad\",\"publisher\":{\"@id\":\"http:\/\/precintalia.logoband.es\/#organization\"},\"potentialAction\":[{\"@type\":\"SearchAction\",\"target\":{\"@type\":\"EntryPoint\",\"urlTemplate\":\"http:\/\/precintalia.logoband.es\/?s={search_term_string}\"},\"query-input\":{\"@type\":\"PropertyValueSpecification\",\"valueRequired\":true,\"valueName\":\"search_term_string\"}}],\"inLanguage\":\"en-GB\"},{\"@type\":\"Organization\",\"@id\":\"http:\/\/precintalia.logoband.es\/#organization\",\"name\":\"Logoband Espa\u00f1a\",\"url\":\"http:\/\/precintalia.logoband.es\/\",\"logo\":{\"@type\":\"ImageObject\",\"inLanguage\":\"en-GB\",\"@id\":\"http:\/\/precintalia.logoband.es\/#\/schema\/logo\/image\/\",\"url\":\"http:\/\/precintalia.logoband.es\/wp-content\/uploads\/2025\/03\/Logotipo-PNG.png\",\"contentUrl\":\"http:\/\/precintalia.logoband.es\/wp-content\/uploads\/2025\/03\/Logotipo-PNG.png\",\"width\":500,\"height\":104,\"caption\":\"Logoband Espa\u00f1a\"},\"image\":{\"@id\":\"http:\/\/precintalia.logoband.es\/#\/schema\/logo\/image\/\"}}]}<\/script>\n<!-- \/ Yoast SEO plugin. -->","yoast_head_json":{"title":"Condiciones generales de contrataci\u00f3n - Precintalia","robots":{"index":"index","follow":"follow","max-snippet":"max-snippet:-1","max-image-preview":"max-image-preview:large","max-video-preview":"max-video-preview:-1"},"canonical":"http:\/\/precintalia.logoband.es\/en\/condiciones-generales-de-contratacion-2\/","og_locale":"en_GB","og_type":"article","og_title":"Condiciones generales de contrataci\u00f3n - Precintalia","og_description":"Condiciones generales de contrataci\u00f3n A continuaci\u00f3n, se expone el documento contractual que regir\u00e1 la contrataci\u00f3n de productos y servicios derivados del del sitio web www.precintalia.com, propiedad de LOGO MEDIA NETWORK S.L. (en adelante PRECINTALIA). La aceptaci\u00f3n del presente documento conlleva que el cliente: a. Ha le\u00eddo, entiende y comprende lo aqu\u00ed expuesto. b. Que es [&hellip;]","og_url":"http:\/\/precintalia.logoband.es\/en\/condiciones-generales-de-contratacion-2\/","og_site_name":"Precintalia","article_modified_time":"2025-11-26T12:15:46+00:00","twitter_card":"summary_large_image","schema":{"@context":"https:\/\/schema.org","@graph":[{"@type":"WebPage","@id":"http:\/\/precintalia.logoband.es\/en\/condiciones-generales-de-contratacion-2\/","url":"http:\/\/precintalia.logoband.es\/en\/condiciones-generales-de-contratacion-2\/","name":"Condiciones generales de contrataci\u00f3n - Precintalia","isPartOf":{"@id":"http:\/\/precintalia.logoband.es\/#website"},"datePublished":"2025-06-20T19:46:53+00:00","dateModified":"2025-11-26T12:15:46+00:00","breadcrumb":{"@id":"http:\/\/precintalia.logoband.es\/en\/condiciones-generales-de-contratacion-2\/#breadcrumb"},"inLanguage":"en-GB","potentialAction":[{"@type":"ReadAction","target":["http:\/\/precintalia.logoband.es\/en\/condiciones-generales-de-contratacion-2\/"]}]},{"@type":"BreadcrumbList","@id":"http:\/\/precintalia.logoband.es\/en\/condiciones-generales-de-contratacion-2\/#breadcrumb","itemListElement":[{"@type":"ListItem","position":1,"name":"Portada","item":"http:\/\/precintalia.logoband.es\/"},{"@type":"ListItem","position":2,"name":"Condiciones generales de contrataci\u00f3n"}]},{"@type":"WebSite","@id":"http:\/\/precintalia.logoband.es\/#website","url":"http:\/\/precintalia.logoband.es\/","name":"Logoband Espa\u00f1a","description":"Security seals","publisher":{"@id":"http:\/\/precintalia.logoband.es\/#organization"},"potentialAction":[{"@type":"SearchAction","target":{"@type":"EntryPoint","urlTemplate":"http:\/\/precintalia.logoband.es\/?s={search_term_string}"},"query-input":{"@type":"PropertyValueSpecification","valueRequired":true,"valueName":"search_term_string"}}],"inLanguage":"en-GB"},{"@type":"Organization","@id":"http:\/\/precintalia.logoband.es\/#organization","name":"Logoband Espa\u00f1a","url":"http:\/\/precintalia.logoband.es\/","logo":{"@type":"ImageObject","inLanguage":"en-GB","@id":"http:\/\/precintalia.logoband.es\/#\/schema\/logo\/image\/","url":"http:\/\/precintalia.logoband.es\/wp-content\/uploads\/2025\/03\/Logotipo-PNG.png","contentUrl":"http:\/\/precintalia.logoband.es\/wp-content\/uploads\/2025\/03\/Logotipo-PNG.png","width":500,"height":104,"caption":"Logoband Espa\u00f1a"},"image":{"@id":"http:\/\/precintalia.logoband.es\/#\/schema\/logo\/image\/"}}]}},"_links":{"self":[{"href":"http:\/\/precintalia.logoband.es\/en\/wp-json\/wp\/v2\/pages\/2174","targetHints":{"allow":["GET"]}}],"collection":[{"href":"http:\/\/precintalia.logoband.es\/en\/wp-json\/wp\/v2\/pages"}],"about":[{"href":"http:\/\/precintalia.logoband.es\/en\/wp-json\/wp\/v2\/types\/page"}],"author":[{"embeddable":true,"href":"http:\/\/precintalia.logoband.es\/en\/wp-json\/wp\/v2\/users\/1"}],"replies":[{"embeddable":true,"href":"http:\/\/precintalia.logoband.es\/en\/wp-json\/wp\/v2\/comments?post=2174"}],"version-history":[{"count":10,"href":"http:\/\/precintalia.logoband.es\/en\/wp-json\/wp\/v2\/pages\/2174\/revisions"}],"predecessor-version":[{"id":3616,"href":"http:\/\/precintalia.logoband.es\/en\/wp-json\/wp\/v2\/pages\/2174\/revisions\/3616"}],"wp:attachment":[{"href":"http:\/\/precintalia.logoband.es\/en\/wp-json\/wp\/v2\/media?parent=2174"}],"curies":[{"name":"wp","href":"https:\/\/api.w.org\/{rel}","templated":true}]}}