{"id":3458,"date":"2025-11-19T11:26:25","date_gmt":"2025-11-19T10:26:25","guid":{"rendered":"https:\/\/precintalia.logoband.es\/?page_id=3458"},"modified":"2025-11-19T18:04:33","modified_gmt":"2025-11-19T17:04:33","slug":"descargas","status":"publish","type":"page","link":"http:\/\/precintalia.logoband.es\/en\/descargas\/","title":{"rendered":"Descargas"},"content":{"rendered":"<div data-elementor-type=\"wp-page\" data-elementor-id=\"3458\" class=\"elementor elementor-3458\" data-elementor-post-type=\"page\">\n\t\t\t\t<div class=\"elementor-element elementor-element-60ce3d7 e-flex e-con-boxed e-con e-parent\" data-id=\"60ce3d7\" data-element_type=\"container\">\n\t\t\t\t\t<div class=\"e-con-inner\">\n\t\t\t\t<div class=\"elementor-element elementor-element-176b8ad elementor-widget elementor-widget-heading\" data-id=\"176b8ad\" data-element_type=\"widget\" data-widget_type=\"heading.default\">\n\t\t\t\t<div class=\"elementor-widget-container\">\n\t\t\t\t\t<h2 class=\"elementor-heading-title elementor-size-default\">Descargas:<\/h2>\t\t\t\t<\/div>\n\t\t\t\t<\/div>\n\t\t\t\t\t<\/div>\n\t\t\t\t<\/div>\n\t\t<div class=\"elementor-element elementor-element-fa328dd e-flex e-con-boxed e-con e-parent\" data-id=\"fa328dd\" data-element_type=\"container\">\n\t\t\t\t\t<div class=\"e-con-inner\">\n\t\t\t\t<div class=\"elementor-element elementor-element-11f6b26 elementor-widget elementor-widget-n-accordion\" data-id=\"11f6b26\" data-element_type=\"widget\" data-settings=\"{&quot;default_state&quot;:&quot;all_collapsed&quot;,&quot;max_items_expended&quot;:&quot;multiple&quot;,&quot;n_accordion_animation_duration&quot;:{&quot;unit&quot;:&quot;ms&quot;,&quot;size&quot;:400,&quot;sizes&quot;:[]}}\" data-widget_type=\"nested-accordion.default\">\n\t\t\t\t<div class=\"elementor-widget-container\">\n\t\t\t\t\t\t\t<div class=\"e-n-accordion\" aria-label=\"Accordion. Open links with Enter or Space, close with Escape, and navigate with Arrow Keys\">\n\t\t\t\t\t\t<details id=\"e-n-accordion-item-1880\" class=\"e-n-accordion-item\" >\n\t\t\t\t<summary class=\"e-n-accordion-item-title\" data-accordion-index=\"1\" tabindex=\"0\" aria-expanded=\"false\" aria-controls=\"e-n-accordion-item-1880\" >\n\t\t\t\t\t<span class='e-n-accordion-item-title-header'><div class=\"e-n-accordion-item-title-text\"> 01. Posibles impresiones\/c\u00f3digos <\/div><\/span>\n\t\t\t\t\t\t\t<span class='e-n-accordion-item-title-icon'>\n\t\t\t<span class='e-opened' ><svg aria-hidden=\"true\" class=\"e-font-icon-svg e-fas-angle-up\" viewbox=\"0 0 320 512\" xmlns=\"http:\/\/www.w3.org\/2000\/svg\"><path d=\"M177 159.7l136 136c9.4 9.4 9.4 24.6 0 33.9l-22.6 22.6c-9.4 9.4-24.6 9.4-33.9 0L160 255.9l-96.4 96.4c-9.4 9.4-24.6 9.4-33.9 0L7 329.7c-9.4-9.4-9.4-24.6 0-33.9l136-136c9.4-9.5 24.6-9.5 34-.1z\"><\/path><\/svg><\/span>\n\t\t\t<span class='e-closed'><svg aria-hidden=\"true\" class=\"e-font-icon-svg e-fas-angle-down\" viewbox=\"0 0 320 512\" xmlns=\"http:\/\/www.w3.org\/2000\/svg\"><path d=\"M143 352.3L7 216.3c-9.4-9.4-9.4-24.6 0-33.9l22.6-22.6c9.4-9.4 24.6-9.4 33.9 0l96.4 96.4 96.4-96.4c9.4-9.4 24.6-9.4 33.9 0l22.6 22.6c9.4 9.4 9.4 24.6 0 33.9l-136 136c-9.2 9.4-24.4 9.4-33.8 0z\"><\/path><\/svg><\/span>\n\t\t<\/span>\n\n\t\t\t\t\t\t<\/summary>\n\t\t\t\t<div role=\"region\" aria-labelledby=\"e-n-accordion-item-1880\" class=\"elementor-element elementor-element-20abf6b e-con-full e-flex e-con e-child\" data-id=\"20abf6b\" data-element_type=\"container\">\n\t\t\t\t<div class=\"elementor-element elementor-element-89dc0ee elementor-widget elementor-widget-text-editor\" data-id=\"89dc0ee\" data-element_type=\"widget\" data-widget_type=\"text-editor.default\">\n\t\t\t\t<div class=\"elementor-widget-container\">\n\t\t\t\t\t\t\t\t\t<p><strong>DISE\u00d1OS DE C\u00d3DIGOS EN LOS SELLOS<\/strong> &#8211; <a href=\"http:\/\/precintalia.logoband.es\/wp-content\/uploads\/2025\/11\/plomby_kody-2023-angielski.pdf.pdf\" target=\"_blank\" rel=\"noopener\">DESCARGAR PDF<\/a><\/p>\t\t\t\t\t\t\t\t<\/div>\n\t\t\t\t<\/div>\n\t\t\t\t<div class=\"elementor-element elementor-element-6d1d963 elementor-widget elementor-widget-text-editor\" data-id=\"6d1d963\" data-element_type=\"widget\" data-widget_type=\"text-editor.default\">\n\t\t\t\t<div class=\"elementor-widget-container\">\n\t\t\t\t\t\t\t\t\t<p><strong>PATRONES DE IMPRESI\u00d3N DE SELLOS<\/strong> &#8211; <a href=\"http:\/\/precintalia.logoband.es\/wp-content\/uploads\/2025\/11\/plomby-nadruki_angielski.pdf.pdf\" target=\"_blank\" rel=\"noopener\">DESCARGAR PDF<\/a><\/p>\t\t\t\t\t\t\t\t<\/div>\n\t\t\t\t<\/div>\n\t\t\t\t<\/div>\n\t\t\t\t\t<\/details>\n\t\t\t\t\t\t<details id=\"e-n-accordion-item-1881\" class=\"e-n-accordion-item\" >\n\t\t\t\t<summary class=\"e-n-accordion-item-title\" data-accordion-index=\"2\" tabindex=\"-1\" aria-expanded=\"false\" aria-controls=\"e-n-accordion-item-1881\" >\n\t\t\t\t\t<span class='e-n-accordion-item-title-header'><div class=\"e-n-accordion-item-title-text\"> 02. V\u00eddeos <\/div><\/span>\n\t\t\t\t\t\t\t<span class='e-n-accordion-item-title-icon'>\n\t\t\t<span class='e-opened' ><svg aria-hidden=\"true\" class=\"e-font-icon-svg e-fas-angle-up\" viewbox=\"0 0 320 512\" xmlns=\"http:\/\/www.w3.org\/2000\/svg\"><path d=\"M177 159.7l136 136c9.4 9.4 9.4 24.6 0 33.9l-22.6 22.6c-9.4 9.4-24.6 9.4-33.9 0L160 255.9l-96.4 96.4c-9.4 9.4-24.6 9.4-33.9 0L7 329.7c-9.4-9.4-9.4-24.6 0-33.9l136-136c9.4-9.5 24.6-9.5 34-.1z\"><\/path><\/svg><\/span>\n\t\t\t<span class='e-closed'><svg aria-hidden=\"true\" class=\"e-font-icon-svg e-fas-angle-down\" viewbox=\"0 0 320 512\" xmlns=\"http:\/\/www.w3.org\/2000\/svg\"><path d=\"M143 352.3L7 216.3c-9.4-9.4-9.4-24.6 0-33.9l22.6-22.6c9.4-9.4 24.6-9.4 33.9 0l96.4 96.4 96.4-96.4c9.4-9.4 24.6-9.4 33.9 0l22.6 22.6c9.4 9.4 9.4 24.6 0 33.9l-136 136c-9.2 9.4-24.4 9.4-33.8 0z\"><\/path><\/svg><\/span>\n\t\t<\/span>\n\n\t\t\t\t\t\t<\/summary>\n\t\t\t\t<div role=\"region\" aria-labelledby=\"e-n-accordion-item-1881\" class=\"elementor-element elementor-element-d132ab3 e-con-full e-flex e-con e-child\" data-id=\"d132ab3\" data-element_type=\"container\">\n\t\t\t\t<div class=\"elementor-element elementor-element-e07a0b6 elementor-widget elementor-widget-text-editor\" data-id=\"e07a0b6\" data-element_type=\"widget\" data-widget_type=\"text-editor.default\">\n\t\t\t\t<div class=\"elementor-widget-container\">\n\t\t\t\t\t\t\t\t\t<p><strong>BOTELLAS SELLADAS TUP-500 \/ TUP-1000<\/strong> &#8211; <a href=\"#elementor-action%3Aaction%3Dpopup%3Aopen%26settings%3DeyJpZCI6IjM0NzQiLCJ0b2dnbGUiOmZhbHNlfQ%3D%3D\">Ver v\u00eddeo<\/a><\/p>\t\t\t\t\t\t\t\t<\/div>\n\t\t\t\t<\/div>\n\t\t\t\t<div class=\"elementor-element elementor-element-9dd0000 elementor-widget elementor-widget-text-editor\" data-id=\"9dd0000\" data-element_type=\"widget\" data-widget_type=\"text-editor.default\">\n\t\t\t\t<div class=\"elementor-widget-container\">\n\t\t\t\t\t\t\t\t\t<p><strong>PRUEBA DE RESISTENCIA DEL SELLO DE SEGURIDAD DE LA BOLSA-BDS 01<\/strong> &#8211; <a href=\"#elementor-action%3Aaction%3Dpopup%3Aopen%26settings%3DeyJpZCI6IjM0ODQiLCJ0b2dnbGUiOmZhbHNlfQ%3D%3D\">Ver v\u00eddeo<\/a><\/p>\t\t\t\t\t\t\t\t<\/div>\n\t\t\t\t<\/div>\n\t\t\t\t<div class=\"elementor-element elementor-element-591d3fb elementor-widget elementor-widget-text-editor\" data-id=\"591d3fb\" data-element_type=\"widget\" data-widget_type=\"text-editor.default\">\n\t\t\t\t<div class=\"elementor-widget-container\">\n\t\t\t\t\t\t\t\t\t<p><strong>SELLO DE ROPA SIBO-ROTO<\/strong> &#8211; <a href=\"#elementor-action%3Aaction%3Dpopup%3Aopen%26settings%3DeyJpZCI6IjM0OTIiLCJ0b2dnbGUiOmZhbHNlfQ%3D%3D\">Ver v\u00eddeo<\/a><\/p>\t\t\t\t\t\t\t\t<\/div>\n\t\t\t\t<\/div>\n\t\t\t\t<\/div>\n\t\t\t\t\t<\/details>\n\t\t\t\t\t<\/div>\n\t\t\t\t\t\t<\/div>\n\t\t\t\t<\/div>\n\t\t\t\t\t<\/div>\n\t\t\t\t<\/div>\n\t\t\t\t<\/div>","protected":false},"excerpt":{"rendered":"<p>Descargas: 01. Posibles impresiones\/c\u00f3digos DISE\u00d1OS DE C\u00d3DIGOS EN LOS SELLOS &#8211; DESCARGAR PDF PATRONES DE IMPRESI\u00d3N DE SELLOS &#8211; DESCARGAR PDF 02. V\u00eddeos BOTELLAS SELLADAS TUP-500 \/ TUP-1000 &#8211; Ver v\u00eddeo PRUEBA DE RESISTENCIA DEL SELLO DE SEGURIDAD DE LA BOLSA-BDS 01 &#8211; Ver v\u00eddeo SELLO DE ROPA SIBO-ROTO &#8211; Ver v\u00eddeo DISE\u00d1OS DE C\u00d3DIGOS [&hellip;]<\/p>","protected":false},"author":1,"featured_media":3371,"parent":0,"menu_order":0,"comment_status":"closed","ping_status":"closed","template":"elementor_header_footer","meta":{"footnotes":""},"class_list":["post-3458","page","type-page","status-publish","has-post-thumbnail","hentry"],"yoast_head":"<!-- This site is optimized with the Yoast SEO plugin v26.4 - https:\/\/yoast.com\/wordpress\/plugins\/seo\/ -->\n<title>Descargas - Precintalia<\/title>\n<meta name=\"description\" content=\"Descarga nuestro cat\u00e1logo 2025 de nuestros precintos de seguridad. Tambi\u00e9n puedes descargar los archivos donde se puede imprimir.\" \/>\n<meta name=\"robots\" content=\"index, follow, max-snippet:-1, max-image-preview:large, max-video-preview:-1\" \/>\n<link rel=\"canonical\" href=\"http:\/\/precintalia.logoband.es\/en\/descargas\/\" \/>\n<meta property=\"og:locale\" content=\"en_GB\" \/>\n<meta property=\"og:type\" content=\"article\" \/>\n<meta property=\"og:title\" content=\"Descargas - Precintalia\" \/>\n<meta property=\"og:description\" content=\"Descarga nuestro cat\u00e1logo 2025 de nuestros precintos de seguridad. Tambi\u00e9n puedes descargar los archivos donde se puede imprimir.\" \/>\n<meta property=\"og:url\" content=\"http:\/\/precintalia.logoband.es\/en\/descargas\/\" \/>\n<meta property=\"og:site_name\" content=\"Precintalia\" \/>\n<meta property=\"article:modified_time\" content=\"2025-11-19T17:04:33+00:00\" \/>\n<meta property=\"og:image\" content=\"http:\/\/precintalia.logoband.es\/wp-content\/uploads\/2025\/11\/Captura-de-pantalla-2025-11-17-222026.jpg\" \/>\n\t<meta property=\"og:image:width\" content=\"385\" \/>\n\t<meta property=\"og:image:height\" content=\"219\" \/>\n\t<meta property=\"og:image:type\" content=\"image\/jpeg\" \/>\n<meta name=\"twitter:card\" content=\"summary_large_image\" \/>\n<meta name=\"twitter:label1\" content=\"Estimated reading time\" \/>\n\t<meta name=\"twitter:data1\" content=\"1 minute\" \/>\n<script type=\"application\/ld+json\" class=\"yoast-schema-graph\">{\"@context\":\"https:\/\/schema.org\",\"@graph\":[{\"@type\":\"WebPage\",\"@id\":\"http:\/\/precintalia.logoband.es\/descargas\/\",\"url\":\"http:\/\/precintalia.logoband.es\/descargas\/\",\"name\":\"Descargas - Precintalia\",\"isPartOf\":{\"@id\":\"http:\/\/precintalia.logoband.es\/#website\"},\"primaryImageOfPage\":{\"@id\":\"http:\/\/precintalia.logoband.es\/descargas\/#primaryimage\"},\"image\":{\"@id\":\"http:\/\/precintalia.logoband.es\/descargas\/#primaryimage\"},\"thumbnailUrl\":\"http:\/\/precintalia.logoband.es\/wp-content\/uploads\/2025\/11\/Captura-de-pantalla-2025-11-17-222026.jpg\",\"datePublished\":\"2025-11-19T10:26:25+00:00\",\"dateModified\":\"2025-11-19T17:04:33+00:00\",\"description\":\"Descarga nuestro cat\u00e1logo 2025 de nuestros precintos de seguridad. Tambi\u00e9n puedes descargar los archivos donde se puede imprimir.\",\"breadcrumb\":{\"@id\":\"http:\/\/precintalia.logoband.es\/descargas\/#breadcrumb\"},\"inLanguage\":\"en-GB\",\"potentialAction\":[{\"@type\":\"ReadAction\",\"target\":[\"http:\/\/precintalia.logoband.es\/descargas\/\"]}]},{\"@type\":\"ImageObject\",\"inLanguage\":\"en-GB\",\"@id\":\"http:\/\/precintalia.logoband.es\/descargas\/#primaryimage\",\"url\":\"http:\/\/precintalia.logoband.es\/wp-content\/uploads\/2025\/11\/Captura-de-pantalla-2025-11-17-222026.jpg\",\"contentUrl\":\"http:\/\/precintalia.logoband.es\/wp-content\/uploads\/2025\/11\/Captura-de-pantalla-2025-11-17-222026.jpg\",\"width\":385,\"height\":219,\"caption\":\"Precintos de seguridad\"},{\"@type\":\"BreadcrumbList\",\"@id\":\"http:\/\/precintalia.logoband.es\/descargas\/#breadcrumb\",\"itemListElement\":[{\"@type\":\"ListItem\",\"position\":1,\"name\":\"Portada\",\"item\":\"http:\/\/precintalia.logoband.es\/\"},{\"@type\":\"ListItem\",\"position\":2,\"name\":\"Descargas\"}]},{\"@type\":\"WebSite\",\"@id\":\"http:\/\/precintalia.logoband.es\/#website\",\"url\":\"http:\/\/precintalia.logoband.es\/\",\"name\":\"Logoband Espa\u00f1a\",\"description\":\"Precintos de seguridad\",\"publisher\":{\"@id\":\"http:\/\/precintalia.logoband.es\/#organization\"},\"potentialAction\":[{\"@type\":\"SearchAction\",\"target\":{\"@type\":\"EntryPoint\",\"urlTemplate\":\"http:\/\/precintalia.logoband.es\/?s={search_term_string}\"},\"query-input\":{\"@type\":\"PropertyValueSpecification\",\"valueRequired\":true,\"valueName\":\"search_term_string\"}}],\"inLanguage\":\"en-GB\"},{\"@type\":\"Organization\",\"@id\":\"http:\/\/precintalia.logoband.es\/#organization\",\"name\":\"Logoband Espa\u00f1a\",\"url\":\"http:\/\/precintalia.logoband.es\/\",\"logo\":{\"@type\":\"ImageObject\",\"inLanguage\":\"en-GB\",\"@id\":\"http:\/\/precintalia.logoband.es\/#\/schema\/logo\/image\/\",\"url\":\"http:\/\/precintalia.logoband.es\/wp-content\/uploads\/2025\/03\/Logotipo-PNG.png\",\"contentUrl\":\"http:\/\/precintalia.logoband.es\/wp-content\/uploads\/2025\/03\/Logotipo-PNG.png\",\"width\":500,\"height\":104,\"caption\":\"Logoband Espa\u00f1a\"},\"image\":{\"@id\":\"http:\/\/precintalia.logoband.es\/#\/schema\/logo\/image\/\"}}]}<\/script>\n<!-- \/ Yoast SEO plugin. -->","yoast_head_json":{"title":"Descargas - Precintalia","description":"Descarga nuestro cat\u00e1logo 2025 de nuestros precintos de seguridad. Tambi\u00e9n puedes descargar los archivos donde se puede imprimir.","robots":{"index":"index","follow":"follow","max-snippet":"max-snippet:-1","max-image-preview":"max-image-preview:large","max-video-preview":"max-video-preview:-1"},"canonical":"http:\/\/precintalia.logoband.es\/en\/descargas\/","og_locale":"en_GB","og_type":"article","og_title":"Descargas - Precintalia","og_description":"Descarga nuestro cat\u00e1logo 2025 de nuestros precintos de seguridad. Tambi\u00e9n puedes descargar los archivos donde se puede imprimir.","og_url":"http:\/\/precintalia.logoband.es\/en\/descargas\/","og_site_name":"Precintalia","article_modified_time":"2025-11-19T17:04:33+00:00","og_image":[{"width":385,"height":219,"url":"http:\/\/precintalia.logoband.es\/wp-content\/uploads\/2025\/11\/Captura-de-pantalla-2025-11-17-222026.jpg","type":"image\/jpeg"}],"twitter_card":"summary_large_image","twitter_misc":{"Estimated reading time":"1 minute"},"schema":{"@context":"https:\/\/schema.org","@graph":[{"@type":"WebPage","@id":"http:\/\/precintalia.logoband.es\/descargas\/","url":"http:\/\/precintalia.logoband.es\/descargas\/","name":"Descargas - Precintalia","isPartOf":{"@id":"http:\/\/precintalia.logoband.es\/#website"},"primaryImageOfPage":{"@id":"http:\/\/precintalia.logoband.es\/descargas\/#primaryimage"},"image":{"@id":"http:\/\/precintalia.logoband.es\/descargas\/#primaryimage"},"thumbnailUrl":"http:\/\/precintalia.logoband.es\/wp-content\/uploads\/2025\/11\/Captura-de-pantalla-2025-11-17-222026.jpg","datePublished":"2025-11-19T10:26:25+00:00","dateModified":"2025-11-19T17:04:33+00:00","description":"Descarga nuestro cat\u00e1logo 2025 de nuestros precintos de seguridad. Tambi\u00e9n puedes descargar los archivos donde se puede imprimir.","breadcrumb":{"@id":"http:\/\/precintalia.logoband.es\/descargas\/#breadcrumb"},"inLanguage":"en-GB","potentialAction":[{"@type":"ReadAction","target":["http:\/\/precintalia.logoband.es\/descargas\/"]}]},{"@type":"ImageObject","inLanguage":"en-GB","@id":"http:\/\/precintalia.logoband.es\/descargas\/#primaryimage","url":"http:\/\/precintalia.logoband.es\/wp-content\/uploads\/2025\/11\/Captura-de-pantalla-2025-11-17-222026.jpg","contentUrl":"http:\/\/precintalia.logoband.es\/wp-content\/uploads\/2025\/11\/Captura-de-pantalla-2025-11-17-222026.jpg","width":385,"height":219,"caption":"Precintos de seguridad"},{"@type":"BreadcrumbList","@id":"http:\/\/precintalia.logoband.es\/descargas\/#breadcrumb","itemListElement":[{"@type":"ListItem","position":1,"name":"Portada","item":"http:\/\/precintalia.logoband.es\/"},{"@type":"ListItem","position":2,"name":"Descargas"}]},{"@type":"WebSite","@id":"http:\/\/precintalia.logoband.es\/#website","url":"http:\/\/precintalia.logoband.es\/","name":"Logoband Espa\u00f1a","description":"Security seals","publisher":{"@id":"http:\/\/precintalia.logoband.es\/#organization"},"potentialAction":[{"@type":"SearchAction","target":{"@type":"EntryPoint","urlTemplate":"http:\/\/precintalia.logoband.es\/?s={search_term_string}"},"query-input":{"@type":"PropertyValueSpecification","valueRequired":true,"valueName":"search_term_string"}}],"inLanguage":"en-GB"},{"@type":"Organization","@id":"http:\/\/precintalia.logoband.es\/#organization","name":"Logoband Espa\u00f1a","url":"http:\/\/precintalia.logoband.es\/","logo":{"@type":"ImageObject","inLanguage":"en-GB","@id":"http:\/\/precintalia.logoband.es\/#\/schema\/logo\/image\/","url":"http:\/\/precintalia.logoband.es\/wp-content\/uploads\/2025\/03\/Logotipo-PNG.png","contentUrl":"http:\/\/precintalia.logoband.es\/wp-content\/uploads\/2025\/03\/Logotipo-PNG.png","width":500,"height":104,"caption":"Logoband Espa\u00f1a"},"image":{"@id":"http:\/\/precintalia.logoband.es\/#\/schema\/logo\/image\/"}}]}},"_links":{"self":[{"href":"http:\/\/precintalia.logoband.es\/en\/wp-json\/wp\/v2\/pages\/3458","targetHints":{"allow":["GET"]}}],"collection":[{"href":"http:\/\/precintalia.logoband.es\/en\/wp-json\/wp\/v2\/pages"}],"about":[{"href":"http:\/\/precintalia.logoband.es\/en\/wp-json\/wp\/v2\/types\/page"}],"author":[{"embeddable":true,"href":"http:\/\/precintalia.logoband.es\/en\/wp-json\/wp\/v2\/users\/1"}],"replies":[{"embeddable":true,"href":"http:\/\/precintalia.logoband.es\/en\/wp-json\/wp\/v2\/comments?post=3458"}],"version-history":[{"count":28,"href":"http:\/\/precintalia.logoband.es\/en\/wp-json\/wp\/v2\/pages\/3458\/revisions"}],"predecessor-version":[{"id":3508,"href":"http:\/\/precintalia.logoband.es\/en\/wp-json\/wp\/v2\/pages\/3458\/revisions\/3508"}],"wp:featuredmedia":[{"embeddable":true,"href":"http:\/\/precintalia.logoband.es\/en\/wp-json\/wp\/v2\/media\/3371"}],"wp:attachment":[{"href":"http:\/\/precintalia.logoband.es\/en\/wp-json\/wp\/v2\/media?parent=3458"}],"curies":[{"name":"wp","href":"https:\/\/api.w.org\/{rel}","templated":true}]}}